{"id":686,"date":"2026-03-23T19:53:31","date_gmt":"2026-03-23T19:53:31","guid":{"rendered":"https:\/\/danosa.com\/audal\/product\/danoclean-rinse-fachadas\/"},"modified":"2026-03-23T19:53:31","modified_gmt":"2026-03-23T19:53:31","slug":"danoclean-rinse-fachadas","status":"publish","type":"product","link":"https:\/\/danosa.com\/audal\/product\/danoclean-rinse-fachadas\/","title":{"rendered":"DANOCLEAN RINSE FACHADAS"},"content":{"rendered":"\n<p>DANOCLEAN RINSE FACHADAS es una mezcla de \u00e1cidos inorg\u00e1nicos y aditivos especiales para remover residuos de cemento e inhibir la fijaci\u00f3n de sales blancas procedentes principalmente del calcio presente en el mortero de pega y otras eflorescencias.<\/p>\n","protected":false},"excerpt":{"rendered":"<p>Removedor dise\u00f1ado para eliminar residuos de cemento e inhibir la fijaci\u00f3n de sales blancas originadas principalmente por el calcio presente en el mortero de pega y otras eflorescencias.<\/p>\n","protected":false},"featured_media":0,"parent":0,"menu_order":0,"template":"","meta":{"_acf_changed":false,"_uag_custom_page_level_css":"","site-sidebar-layout":"default","site-content-layout":"","ast-site-content-layout":"default","site-content-style":"default","site-sidebar-style":"default","ast-global-header-display":"","ast-banner-title-visibility":"","ast-main-header-display":"","ast-hfb-above-header-display":"","ast-hfb-below-header-display":"","ast-hfb-mobile-header-display":"","site-post-title":"","ast-breadcrumbs-content":"","ast-featured-img":"","footer-sml-layout":"","ast-disable-related-posts":"","theme-transparent-header-meta":"","adv-header-id-meta":"","stick-header-meta":"","header-above-stick-meta":"","header-main-stick-meta":"","header-below-stick-meta":"","astra-migrate-meta-layouts":"default","ast-page-background-enabled":"default","ast-page-background-meta":{"desktop":{"background-color":"var(--ast-global-color-5)","background-image":"","background-repeat":"repeat","background-position":"center center","background-size":"auto","background-attachment":"scroll","background-type":"","background-media":"","overlay-type":"","overlay-color":"","overlay-opacity":"","overlay-gradient":""},"tablet":{"background-color":"","background-image":"","background-repeat":"repeat","background-position":"center center","background-size":"auto","background-attachment":"scroll","background-type":"","background-media":"","overlay-type":"","overlay-color":"","overlay-opacity":"","overlay-gradient":""},"mobile":{"background-color":"","background-image":"","background-repeat":"repeat","background-position":"center center","background-size":"auto","background-attachment":"scroll","background-type":"","background-media":"","overlay-type":"","overlay-color":"","overlay-opacity":"","overlay-gradient":""}},"ast-content-background-meta":{"desktop":{"background-color":"var(--ast-global-color-4)","background-image":"","background-repeat":"repeat","background-position":"center center","background-size":"auto","background-attachment":"scroll","background-type":"","background-media":"","overlay-type":"","overlay-color":"","overlay-opacity":"","overlay-gradient":""},"tablet":{"background-color":"var(--ast-global-color-4)","background-image":"","background-repeat":"repeat","background-position":"center center","background-size":"auto","background-attachment":"scroll","background-type":"","background-media":"","overlay-type":"","overlay-color":"","overlay-opacity":"","overlay-gradient":""},"mobile":{"background-color":"var(--ast-global-color-4)","background-image":"","background-repeat":"repeat","background-position":"center center","background-size":"auto","background-attachment":"scroll","background-type":"","background-media":"","overlay-type":"","overlay-color":"","overlay-opacity":"","overlay-gradient":""}}},"family":[49,64],"product_notice":[92],"product_icon":[],"product_application":[],"product_standards_certification":[],"product_benefits":[1750,1751,1752,1753],"product_support":[943,332],"product_substrate_preparation":[1754,1755,1756],"product_important_indications":[],"product_conservation":[1757,1758,1759,1760],"product_warning":[1010,1761,1762,1763,1764,1765,1766,1767,1768],"product_safety_hygiene":[338,1769,1770,1771,1772,1773,1774,1775,1776,1777,1778],"system_certification":[],"product_maintenance":[],"product_safety_datasheet":[1779],"filter_special_uses":[],"class_list":["post-686","product","type-product","status-publish","hentry","family-morteros","family-hidrofugantes-limpiadores-y-aditivos","product_notice-av-001","product_benefits-vb657","product_benefits-vb658","product_benefits-vb659","product_benefits-vb660","product_support-s036_","product_support-s040","product_substrate_preparation-ps050","product_substrate_preparation-ps051","product_substrate_preparation-ps052","product_conservation-c205","product_conservation-c206","product_conservation-c207","product_conservation-c208","product_warning-p004","product_warning-p182","product_warning-p183","product_warning-p184","product_warning-p185","product_warning-p186","product_warning-p187","product_warning-p188","product_warning-p189","product_safety_hygiene-is005","product_safety_hygiene-is016","product_safety_hygiene-is017","product_safety_hygiene-is018","product_safety_hygiene-is019","product_safety_hygiene-is020","product_safety_hygiene-is021","product_safety_hygiene-is022","product_safety_hygiene-is023","product_safety_hygiene-is024","product_safety_hygiene-is025","product_safety_datasheet-fs_-danoclean_rinse_fachadas"],"acf":[],"uagb_featured_image_src":{"full":false,"thumbnail":false,"medium":false,"medium_large":false,"large":false,"1536x1536":false,"2048x2048":false,"danosa-news-list":false,"danosa-news-medium":false},"uagb_author_info":{"display_name":"admin","author_link":"https:\/\/danosa.com\/audal\/author\/"},"uagb_comment_info":0,"uagb_excerpt":"Removedor dise\u00f1ado para eliminar residuos de cemento e inhibir la fijaci\u00f3n de sales blancas originadas principalmente por el calcio presente en el mortero de pega y otras eflorescencias.","_links":{"self":[{"href":"https:\/\/danosa.com\/audal\/wp-json\/wp\/v2\/product\/686","targetHints":{"allow":["GET"]}}],"collection":[{"href":"https:\/\/danosa.com\/audal\/wp-json\/wp\/v2\/product"}],"about":[{"href":"https:\/\/danosa.com\/audal\/wp-json\/wp\/v2\/types\/product"}],"wp:attachment":[{"href":"https:\/\/danosa.com\/audal\/wp-json\/wp\/v2\/media?parent=686"}],"wp:term":[{"taxonomy":"family","embeddable":true,"href":"https:\/\/danosa.com\/audal\/wp-json\/wp\/v2\/family?post=686"},{"taxonomy":"product_notice","embeddable":true,"href":"https:\/\/danosa.com\/audal\/wp-json\/wp\/v2\/product_notice?post=686"},{"taxonomy":"product_icon","embeddable":true,"href":"https:\/\/danosa.com\/audal\/wp-json\/wp\/v2\/product_icon?post=686"},{"taxonomy":"product_application","embeddable":true,"href":"https:\/\/danosa.com\/audal\/wp-json\/wp\/v2\/product_application?post=686"},{"taxonomy":"product_standards_certification","embeddable":true,"href":"https:\/\/danosa.com\/audal\/wp-json\/wp\/v2\/product_standards_certification?post=686"},{"taxonomy":"product_benefits","embeddable":true,"href":"https:\/\/danosa.com\/audal\/wp-json\/wp\/v2\/product_benefits?post=686"},{"taxonomy":"product_support","embeddable":true,"href":"https:\/\/danosa.com\/audal\/wp-json\/wp\/v2\/product_support?post=686"},{"taxonomy":"product_substrate_preparation","embeddable":true,"href":"https:\/\/danosa.com\/audal\/wp-json\/wp\/v2\/product_substrate_preparation?post=686"},{"taxonomy":"product_important_indications","embeddable":true,"href":"https:\/\/danosa.com\/audal\/wp-json\/wp\/v2\/product_important_indications?post=686"},{"taxonomy":"product_conservation","embeddable":true,"href":"https:\/\/danosa.com\/audal\/wp-json\/wp\/v2\/product_conservation?post=686"},{"taxonomy":"product_warning","embeddable":true,"href":"https:\/\/danosa.com\/audal\/wp-json\/wp\/v2\/product_warning?post=686"},{"taxonomy":"product_safety_hygiene","embeddable":true,"href":"https:\/\/danosa.com\/audal\/wp-json\/wp\/v2\/product_safety_hygiene?post=686"},{"taxonomy":"system_certification","embeddable":true,"href":"https:\/\/danosa.com\/audal\/wp-json\/wp\/v2\/system_certification?post=686"},{"taxonomy":"product_maintenance","embeddable":true,"href":"https:\/\/danosa.com\/audal\/wp-json\/wp\/v2\/product_maintenance?post=686"},{"taxonomy":"product_safety_datasheet","embeddable":true,"href":"https:\/\/danosa.com\/audal\/wp-json\/wp\/v2\/product_safety_datasheet?post=686"},{"taxonomy":"filter_special_uses","embeddable":true,"href":"https:\/\/danosa.com\/audal\/wp-json\/wp\/v2\/filter_special_uses?post=686"}],"curies":[{"name":"wp","href":"https:\/\/api.w.org\/{rel}","templated":true}]}}