{"id":685,"date":"2026-03-23T19:53:31","date_gmt":"2026-03-23T19:53:31","guid":{"rendered":"https:\/\/danosa.com\/audal\/product\/esterdan-plus-40-gp-special-elast\/"},"modified":"2026-03-23T19:53:31","modified_gmt":"2026-03-23T19:53:31","slug":"esterdan-plus-40-gp-special-elast","status":"publish","type":"product","link":"https:\/\/danosa.com\/audal\/product\/esterdan-plus-40-gp-special-elast\/","title":{"rendered":"ESTERDAN PLUS 40\/GP SPECIAL ELAST"},"content":{"rendered":"\n<p>ESTERDAN PLUS 40\/GP SPECIAL ELAST es una l\u00e1mina soldable de bet\u00fan modificado con elast\u00f3meros (SBS), autoprotegida y armada con fieltro de poli\u00e9ster reforzado. Su cara externa est\u00e1 acabada en gr\u00e1nulos de pizarra y la inferior protegida con una pel\u00edcula de polietileno. Contiene aditivos ign\u00edfugos que confieren a la cubierta la clasificaci\u00f3n Broof(t3) frente a fuego exterior, permitiendo as\u00ed cumplir con los requisitos de las Instalaciones Clasificadas para la Protecci\u00f3n del Medio Ambiente (ICPE), los Establecimientos que Reciben P\u00fablico (ERP) y otras construcciones.<\/p>\n","protected":false},"excerpt":{"rendered":"<p>Membrana impermeable ign\u00edfuga de bet\u00fan elastom\u00e9rico SBS con autoprotecci\u00f3n mineral.<\/p>\n","protected":false},"featured_media":0,"parent":0,"menu_order":0,"template":"","meta":{"_acf_changed":false,"_uag_custom_page_level_css":"","site-sidebar-layout":"default","site-content-layout":"","ast-site-content-layout":"default","site-content-style":"default","site-sidebar-style":"default","ast-global-header-display":"","ast-banner-title-visibility":"","ast-main-header-display":"","ast-hfb-above-header-display":"","ast-hfb-below-header-display":"","ast-hfb-mobile-header-display":"","site-post-title":"","ast-breadcrumbs-content":"","ast-featured-img":"","footer-sml-layout":"","ast-disable-related-posts":"","theme-transparent-header-meta":"","adv-header-id-meta":"","stick-header-meta":"","header-above-stick-meta":"","header-main-stick-meta":"","header-below-stick-meta":"","astra-migrate-meta-layouts":"default","ast-page-background-enabled":"default","ast-page-background-meta":{"desktop":{"background-color":"var(--ast-global-color-5)","background-image":"","background-repeat":"repeat","background-position":"center center","background-size":"auto","background-attachment":"scroll","background-type":"","background-media":"","overlay-type":"","overlay-color":"","overlay-opacity":"","overlay-gradient":""},"tablet":{"background-color":"","background-image":"","background-repeat":"repeat","background-position":"center center","background-size":"auto","background-attachment":"scroll","background-type":"","background-media":"","overlay-type":"","overlay-color":"","overlay-opacity":"","overlay-gradient":""},"mobile":{"background-color":"","background-image":"","background-repeat":"repeat","background-position":"center center","background-size":"auto","background-attachment":"scroll","background-type":"","background-media":"","overlay-type":"","overlay-color":"","overlay-opacity":"","overlay-gradient":""}},"ast-content-background-meta":{"desktop":{"background-color":"var(--ast-global-color-4)","background-image":"","background-repeat":"repeat","background-position":"center center","background-size":"auto","background-attachment":"scroll","background-type":"","background-media":"","overlay-type":"","overlay-color":"","overlay-opacity":"","overlay-gradient":""},"tablet":{"background-color":"var(--ast-global-color-4)","background-image":"","background-repeat":"repeat","background-position":"center center","background-size":"auto","background-attachment":"scroll","background-type":"","background-media":"","overlay-type":"","overlay-color":"","overlay-opacity":"","overlay-gradient":""},"mobile":{"background-color":"var(--ast-global-color-4)","background-image":"","background-repeat":"repeat","background-position":"center center","background-size":"auto","background-attachment":"scroll","background-type":"","background-media":"","overlay-type":"","overlay-color":"","overlay-opacity":"","overlay-gradient":""}}},"family":[15,16,17],"product_notice":[92],"product_icon":[],"product_application":[1043,159,1015,390,160,1040,1042,1084,1044],"product_standards_certification":[1048,161,1016,391,162,1045,1047,1087,1049],"product_benefits":[1119,435,1118,432,431,430,434,393],"product_support":[1748,1121,496,1749],"product_substrate_preparation":[],"product_important_indications":[410,409,406,1093,1029,1094,412,399,1092,424,405,426,414],"product_conservation":[164,150,415,436,416],"product_warning":[437],"product_safety_hygiene":[],"system_certification":[1057,1083,1081,1055,1082,438,1037,1058],"product_maintenance":[166],"product_safety_datasheet":[167],"filter_special_uses":[],"class_list":["post-685","product","type-product","status-publish","hentry","family-estanqueidad-al-agua","family-impermeabilizacion-bituminosa","family-laminas-bituminosas","product_notice-av-001","product_application-nc004","product_application-nc017","product_application-nc020","product_application-nc030","product_application-nc031","product_application-nc038","product_application-nc046","product_application-nc050","product_application-nc081","product_standards_certification-nc004","product_standards_certification-nc017","product_standards_certification-nc020","product_standards_certification-nc030","product_standards_certification-nc031","product_standards_certification-nc038","product_standards_certification-nc046","product_standards_certification-nc050","product_standards_certification-nc081","product_benefits-vb047_","product_benefits-vb071","product_benefits-vb142","product_benefits-vb261","product_benefits-vb264","product_benefits-vb270","product_benefits-vb348","product_benefits-vb370","product_support-s020_2","product_support-s066","product_support-s073","product_support-s074_2","product_important_indications-ii040","product_important_indications-ii042","product_important_indications-ii044","product_important_indications-ii046","product_important_indications-ii070","product_important_indications-ii094","product_important_indications-ii095","product_important_indications-ii140","product_important_indications-ii141","product_important_indications-ii180","product_important_indications-ii193","product_important_indications-ii196","product_important_indications-ii999","product_conservation-c012","product_conservation-c039","product_conservation-c046","product_conservation-c098","product_conservation-c131","product_warning-p074","system_certification-bba-10-4787-ps1","system_certification-da-146","system_certification-dit-550r-21","system_certification-dta-5-2-17-2590_v2","system_certification-epd-s-p-01493","system_certification-ete-06-0062","system_certification-gbce-laminas-de-betun-modificado-lbm","system_certification-qb55-07-0001","product_maintenance-m02","product_safety_datasheet-fs_lbm"],"acf":[],"uagb_featured_image_src":{"full":false,"thumbnail":false,"medium":false,"medium_large":false,"large":false,"1536x1536":false,"2048x2048":false,"danosa-news-list":false,"danosa-news-medium":false},"uagb_author_info":{"display_name":"admin","author_link":"https:\/\/danosa.com\/audal\/author\/"},"uagb_comment_info":0,"uagb_excerpt":"Membrana impermeable ign\u00edfuga de bet\u00fan elastom\u00e9rico SBS con autoprotecci\u00f3n mineral.","_links":{"self":[{"href":"https:\/\/danosa.com\/audal\/wp-json\/wp\/v2\/product\/685","targetHints":{"allow":["GET"]}}],"collection":[{"href":"https:\/\/danosa.com\/audal\/wp-json\/wp\/v2\/product"}],"about":[{"href":"https:\/\/danosa.com\/audal\/wp-json\/wp\/v2\/types\/product"}],"wp:attachment":[{"href":"https:\/\/danosa.com\/audal\/wp-json\/wp\/v2\/media?parent=685"}],"wp:term":[{"taxonomy":"family","embeddable":true,"href":"https:\/\/danosa.com\/audal\/wp-json\/wp\/v2\/family?post=685"},{"taxonomy":"product_notice","embeddable":true,"href":"https:\/\/danosa.com\/audal\/wp-json\/wp\/v2\/product_notice?post=685"},{"taxonomy":"product_icon","embeddable":true,"href":"https:\/\/danosa.com\/audal\/wp-json\/wp\/v2\/product_icon?post=685"},{"taxonomy":"product_application","embeddable":true,"href":"https:\/\/danosa.com\/audal\/wp-json\/wp\/v2\/product_application?post=685"},{"taxonomy":"product_standards_certification","embeddable":true,"href":"https:\/\/danosa.com\/audal\/wp-json\/wp\/v2\/product_standards_certification?post=685"},{"taxonomy":"product_benefits","embeddable":true,"href":"https:\/\/danosa.com\/audal\/wp-json\/wp\/v2\/product_benefits?post=685"},{"taxonomy":"product_support","embeddable":true,"href":"https:\/\/danosa.com\/audal\/wp-json\/wp\/v2\/product_support?post=685"},{"taxonomy":"product_substrate_preparation","embeddable":true,"href":"https:\/\/danosa.com\/audal\/wp-json\/wp\/v2\/product_substrate_preparation?post=685"},{"taxonomy":"product_important_indications","embeddable":true,"href":"https:\/\/danosa.com\/audal\/wp-json\/wp\/v2\/product_important_indications?post=685"},{"taxonomy":"product_conservation","embeddable":true,"href":"https:\/\/danosa.com\/audal\/wp-json\/wp\/v2\/product_conservation?post=685"},{"taxonomy":"product_warning","embeddable":true,"href":"https:\/\/danosa.com\/audal\/wp-json\/wp\/v2\/product_warning?post=685"},{"taxonomy":"product_safety_hygiene","embeddable":true,"href":"https:\/\/danosa.com\/audal\/wp-json\/wp\/v2\/product_safety_hygiene?post=685"},{"taxonomy":"system_certification","embeddable":true,"href":"https:\/\/danosa.com\/audal\/wp-json\/wp\/v2\/system_certification?post=685"},{"taxonomy":"product_maintenance","embeddable":true,"href":"https:\/\/danosa.com\/audal\/wp-json\/wp\/v2\/product_maintenance?post=685"},{"taxonomy":"product_safety_datasheet","embeddable":true,"href":"https:\/\/danosa.com\/audal\/wp-json\/wp\/v2\/product_safety_datasheet?post=685"},{"taxonomy":"filter_special_uses","embeddable":true,"href":"https:\/\/danosa.com\/audal\/wp-json\/wp\/v2\/filter_special_uses?post=685"}],"curies":[{"name":"wp","href":"https:\/\/api.w.org\/{rel}","templated":true}]}}