{"id":654,"date":"2026-03-23T19:53:27","date_gmt":"2026-03-23T19:53:27","guid":{"rendered":"https:\/\/danosa.com\/audal\/product\/mad-pro\/"},"modified":"2026-03-23T19:53:27","modified_gmt":"2026-03-23T19:53:27","slug":"mad-pro","status":"publish","type":"product","link":"https:\/\/danosa.com\/audal\/product\/mad-pro\/","title":{"rendered":"MAD PRO"},"content":{"rendered":"\n<p>MAD PRO es una l\u00e1mina ac\u00fastica bituminosa armada con cargas minerales con cobertura aluminizada. Su masa aporta una gran aislamiento ac\u00fastico actuando como elemento antiresonante a una cara, como elemento pl\u00e1stico entre elementos r\u00edgidos o como resonador membrana entre elementos resorte. Adem\u00e1s, se caracteriza por poseer un excelente comportamiento ante el fuego (bs1d0), actuar como barrera de vapor y como termo-reflexivo en c\u00e1mara.<\/p>\n","protected":false},"excerpt":{"rendered":"<p>L\u00e1mina bituminosa aluminizada para aislamiento ac\u00fastico.<\/p>\n","protected":false},"featured_media":0,"parent":0,"menu_order":0,"template":"","meta":{"_acf_changed":false,"_uag_custom_page_level_css":"","site-sidebar-layout":"default","site-content-layout":"","ast-site-content-layout":"default","site-content-style":"default","site-sidebar-style":"default","ast-global-header-display":"","ast-banner-title-visibility":"","ast-main-header-display":"","ast-hfb-above-header-display":"","ast-hfb-below-header-display":"","ast-hfb-mobile-header-display":"","site-post-title":"","ast-breadcrumbs-content":"","ast-featured-img":"","footer-sml-layout":"","ast-disable-related-posts":"","theme-transparent-header-meta":"","adv-header-id-meta":"","stick-header-meta":"","header-above-stick-meta":"","header-main-stick-meta":"","header-below-stick-meta":"","astra-migrate-meta-layouts":"default","ast-page-background-enabled":"default","ast-page-background-meta":{"desktop":{"background-color":"var(--ast-global-color-5)","background-image":"","background-repeat":"repeat","background-position":"center center","background-size":"auto","background-attachment":"scroll","background-type":"","background-media":"","overlay-type":"","overlay-color":"","overlay-opacity":"","overlay-gradient":""},"tablet":{"background-color":"","background-image":"","background-repeat":"repeat","background-position":"center center","background-size":"auto","background-attachment":"scroll","background-type":"","background-media":"","overlay-type":"","overlay-color":"","overlay-opacity":"","overlay-gradient":""},"mobile":{"background-color":"","background-image":"","background-repeat":"repeat","background-position":"center center","background-size":"auto","background-attachment":"scroll","background-type":"","background-media":"","overlay-type":"","overlay-color":"","overlay-opacity":"","overlay-gradient":""}},"ast-content-background-meta":{"desktop":{"background-color":"var(--ast-global-color-4)","background-image":"","background-repeat":"repeat","background-position":"center center","background-size":"auto","background-attachment":"scroll","background-type":"","background-media":"","overlay-type":"","overlay-color":"","overlay-opacity":"","overlay-gradient":""},"tablet":{"background-color":"var(--ast-global-color-4)","background-image":"","background-repeat":"repeat","background-position":"center center","background-size":"auto","background-attachment":"scroll","background-type":"","background-media":"","overlay-type":"","overlay-color":"","overlay-opacity":"","overlay-gradient":""},"mobile":{"background-color":"var(--ast-global-color-4)","background-image":"","background-repeat":"repeat","background-position":"center center","background-size":"auto","background-attachment":"scroll","background-type":"","background-media":"","overlay-type":"","overlay-color":"","overlay-opacity":"","overlay-gradient":""}}},"family":[81,82],"product_notice":[92],"product_icon":[],"product_application":[93,94],"product_standards_certification":[96,97],"product_benefits":[1254,1252,105,1250,1251,1697,1698,1699,1700,1701],"product_support":[],"product_substrate_preparation":[],"product_important_indications":[1257,1256,108,1259,1258,112,113,1255,1702],"product_conservation":[123,467,1262,1265,1139,1261,1263,1264,481,1266,124,125],"product_warning":[],"product_safety_hygiene":[],"system_certification":[1267],"product_maintenance":[],"product_safety_datasheet":[],"filter_special_uses":[],"class_list":["post-654","product","type-product","status-publish","hentry","family-proteccion-frente-al-ruido","family-m-a-d-membrana-acustica-danosa","product_notice-av-001","product_application-nc056","product_application-nc068","product_standards_certification-nc056","product_standards_certification-nc068","product_benefits-vb018","product_benefits-vb019","product_benefits-vb026","product_benefits-vb128","product_benefits-vb169","product_benefits-vb638","product_benefits-vb639","product_benefits-vb640","product_benefits-vb641","product_benefits-vb642","product_important_indications-ii003","product_important_indications-ii032","product_important_indications-ii038","product_important_indications-ii060","product_important_indications-ii100","product_important_indications-ii109","product_important_indications-ii131","product_important_indications-ii134","product_important_indications-ii275","product_conservation-c023","product_conservation-c028","product_conservation-c037","product_conservation-c049","product_conservation-c053","product_conservation-c056","product_conservation-c089","product_conservation-c092","product_conservation-c101","product_conservation-c145","product_conservation-c997","product_conservation-c999","system_certification-epd-s-p-01923"],"acf":[],"uagb_featured_image_src":{"full":false,"thumbnail":false,"medium":false,"medium_large":false,"large":false,"1536x1536":false,"2048x2048":false,"danosa-news-list":false,"danosa-news-medium":false},"uagb_author_info":{"display_name":"admin","author_link":"https:\/\/danosa.com\/audal\/author\/"},"uagb_comment_info":0,"uagb_excerpt":"L\u00e1mina bituminosa aluminizada para aislamiento ac\u00fastico.","_links":{"self":[{"href":"https:\/\/danosa.com\/audal\/wp-json\/wp\/v2\/product\/654","targetHints":{"allow":["GET"]}}],"collection":[{"href":"https:\/\/danosa.com\/audal\/wp-json\/wp\/v2\/product"}],"about":[{"href":"https:\/\/danosa.com\/audal\/wp-json\/wp\/v2\/types\/product"}],"wp:attachment":[{"href":"https:\/\/danosa.com\/audal\/wp-json\/wp\/v2\/media?parent=654"}],"wp:term":[{"taxonomy":"family","embeddable":true,"href":"https:\/\/danosa.com\/audal\/wp-json\/wp\/v2\/family?post=654"},{"taxonomy":"product_notice","embeddable":true,"href":"https:\/\/danosa.com\/audal\/wp-json\/wp\/v2\/product_notice?post=654"},{"taxonomy":"product_icon","embeddable":true,"href":"https:\/\/danosa.com\/audal\/wp-json\/wp\/v2\/product_icon?post=654"},{"taxonomy":"product_application","embeddable":true,"href":"https:\/\/danosa.com\/audal\/wp-json\/wp\/v2\/product_application?post=654"},{"taxonomy":"product_standards_certification","embeddable":true,"href":"https:\/\/danosa.com\/audal\/wp-json\/wp\/v2\/product_standards_certification?post=654"},{"taxonomy":"product_benefits","embeddable":true,"href":"https:\/\/danosa.com\/audal\/wp-json\/wp\/v2\/product_benefits?post=654"},{"taxonomy":"product_support","embeddable":true,"href":"https:\/\/danosa.com\/audal\/wp-json\/wp\/v2\/product_support?post=654"},{"taxonomy":"product_substrate_preparation","embeddable":true,"href":"https:\/\/danosa.com\/audal\/wp-json\/wp\/v2\/product_substrate_preparation?post=654"},{"taxonomy":"product_important_indications","embeddable":true,"href":"https:\/\/danosa.com\/audal\/wp-json\/wp\/v2\/product_important_indications?post=654"},{"taxonomy":"product_conservation","embeddable":true,"href":"https:\/\/danosa.com\/audal\/wp-json\/wp\/v2\/product_conservation?post=654"},{"taxonomy":"product_warning","embeddable":true,"href":"https:\/\/danosa.com\/audal\/wp-json\/wp\/v2\/product_warning?post=654"},{"taxonomy":"product_safety_hygiene","embeddable":true,"href":"https:\/\/danosa.com\/audal\/wp-json\/wp\/v2\/product_safety_hygiene?post=654"},{"taxonomy":"system_certification","embeddable":true,"href":"https:\/\/danosa.com\/audal\/wp-json\/wp\/v2\/system_certification?post=654"},{"taxonomy":"product_maintenance","embeddable":true,"href":"https:\/\/danosa.com\/audal\/wp-json\/wp\/v2\/product_maintenance?post=654"},{"taxonomy":"product_safety_datasheet","embeddable":true,"href":"https:\/\/danosa.com\/audal\/wp-json\/wp\/v2\/product_safety_datasheet?post=654"},{"taxonomy":"filter_special_uses","embeddable":true,"href":"https:\/\/danosa.com\/audal\/wp-json\/wp\/v2\/filter_special_uses?post=654"}],"curies":[{"name":"wp","href":"https:\/\/api.w.org\/{rel}","templated":true}]}}