{"id":643,"date":"2026-03-23T19:53:22","date_gmt":"2026-03-23T19:53:22","guid":{"rendered":"https:\/\/danosa.com\/audal\/product\/revestidan-water-stop\/"},"modified":"2026-03-23T19:53:22","modified_gmt":"2026-03-23T19:53:22","slug":"revestidan-water-stop","status":"publish","type":"product","link":"https:\/\/danosa.com\/audal\/product\/revestidan-water-stop\/","title":{"rendered":"REVESTIDAN WATER STOP"},"content":{"rendered":"\n<p>Recubrimiento impermeabilizante acr\u00edlico base agua monocomponente con alta elasticidad y flexibilidad, con excelente estanqueidad al agua y a l\u00edquidos en general. Fuerte resistencia a la tracci\u00f3n y al alargamiento hasta la rotura. Extraordinaria oposici\u00f3n al envejecimiento, a la abrasi\u00f3n y a la perforaci\u00f3n. Buena homogeneizaci\u00f3n del producto y f\u00e1cil aplicaci\u00f3n Pel\u00edcula resistente a la intemperie y a los rayos ultravioletas. Excelente resistencia a la abrasi\u00f3n. Buen relleno de fisuras y resistente a la microfisuraci\u00f3n. Mayor resistencia mec\u00e1nica con el uso de malla de fibra de vidrio. Alta elasticidad y flexibilidad. Excelente durabilidad. Indicado para evitar las filtraciones de agua en terrazas, azoteas, tejados, juntas de dilataci\u00f3n, bajante etc. En la reparaci\u00f3n de zonas con fisuras existentes o con tendencia a poder formarse.<\/p>\n","protected":false},"excerpt":{"rendered":"<p>Revestimiento el\u00e1stico para impermeabilizaci\u00f3n de cubiertas resistente a la intemperie<\/p>\n","protected":false},"featured_media":0,"parent":0,"menu_order":0,"template":"","meta":{"_acf_changed":false,"_uag_custom_page_level_css":"","site-sidebar-layout":"default","site-content-layout":"","ast-site-content-layout":"default","site-content-style":"default","site-sidebar-style":"default","ast-global-header-display":"","ast-banner-title-visibility":"","ast-main-header-display":"","ast-hfb-above-header-display":"","ast-hfb-below-header-display":"","ast-hfb-mobile-header-display":"","site-post-title":"","ast-breadcrumbs-content":"","ast-featured-img":"","footer-sml-layout":"","ast-disable-related-posts":"","theme-transparent-header-meta":"","adv-header-id-meta":"","stick-header-meta":"","header-above-stick-meta":"","header-main-stick-meta":"","header-below-stick-meta":"","astra-migrate-meta-layouts":"default","ast-page-background-enabled":"default","ast-page-background-meta":{"desktop":{"background-color":"var(--ast-global-color-5)","background-image":"","background-repeat":"repeat","background-position":"center center","background-size":"auto","background-attachment":"scroll","background-type":"","background-media":"","overlay-type":"","overlay-color":"","overlay-opacity":"","overlay-gradient":""},"tablet":{"background-color":"","background-image":"","background-repeat":"repeat","background-position":"center center","background-size":"auto","background-attachment":"scroll","background-type":"","background-media":"","overlay-type":"","overlay-color":"","overlay-opacity":"","overlay-gradient":""},"mobile":{"background-color":"","background-image":"","background-repeat":"repeat","background-position":"center center","background-size":"auto","background-attachment":"scroll","background-type":"","background-media":"","overlay-type":"","overlay-color":"","overlay-opacity":"","overlay-gradient":""}},"ast-content-background-meta":{"desktop":{"background-color":"var(--ast-global-color-4)","background-image":"","background-repeat":"repeat","background-position":"center center","background-size":"auto","background-attachment":"scroll","background-type":"","background-media":"","overlay-type":"","overlay-color":"","overlay-opacity":"","overlay-gradient":""},"tablet":{"background-color":"var(--ast-global-color-4)","background-image":"","background-repeat":"repeat","background-position":"center center","background-size":"auto","background-attachment":"scroll","background-type":"","background-media":"","overlay-type":"","overlay-color":"","overlay-opacity":"","overlay-gradient":""},"mobile":{"background-color":"var(--ast-global-color-4)","background-image":"","background-repeat":"repeat","background-position":"center center","background-size":"auto","background-attachment":"scroll","background-type":"","background-media":"","overlay-type":"","overlay-color":"","overlay-opacity":"","overlay-gradient":""}}},"family":[15,30,32],"product_notice":[92],"product_icon":[],"product_application":[],"product_standards_certification":[],"product_benefits":[255,1643,1644,1645,1648,1646,1647],"product_support":[],"product_substrate_preparation":[1649],"product_important_indications":[],"product_conservation":[1650,1651],"product_warning":[590,1393,1409,1652,1653],"product_safety_hygiene":[],"system_certification":[],"product_maintenance":[],"product_safety_datasheet":[1655],"filter_special_uses":[],"class_list":["post-643","product","type-product","status-publish","hentry","family-estanqueidad-al-agua","family-impermeabilizacion-liquida","family-revestimientos-de-base-acrilica","product_notice-av-001","product_benefits-vb272","product_benefits-vb626","product_benefits-vb627","product_benefits-vb628","product_benefits-vb629","product_benefits-vb630","product_benefits-vb631","product_substrate_preparation-ps047","product_conservation-c194","product_conservation-c195","product_warning-p047","product_warning-p102","product_warning-p151","product_warning-p168","product_warning-p169","product_safety_datasheet-fs_revestidan_water_stop"],"acf":[],"uagb_featured_image_src":{"full":false,"thumbnail":false,"medium":false,"medium_large":false,"large":false,"1536x1536":false,"2048x2048":false,"danosa-news-list":false,"danosa-news-medium":false},"uagb_author_info":{"display_name":"admin","author_link":"https:\/\/danosa.com\/audal\/author\/"},"uagb_comment_info":0,"uagb_excerpt":"Revestimiento el\u00e1stico para impermeabilizaci\u00f3n de cubiertas resistente a la intemperie","_links":{"self":[{"href":"https:\/\/danosa.com\/audal\/wp-json\/wp\/v2\/product\/643","targetHints":{"allow":["GET"]}}],"collection":[{"href":"https:\/\/danosa.com\/audal\/wp-json\/wp\/v2\/product"}],"about":[{"href":"https:\/\/danosa.com\/audal\/wp-json\/wp\/v2\/types\/product"}],"wp:attachment":[{"href":"https:\/\/danosa.com\/audal\/wp-json\/wp\/v2\/media?parent=643"}],"wp:term":[{"taxonomy":"family","embeddable":true,"href":"https:\/\/danosa.com\/audal\/wp-json\/wp\/v2\/family?post=643"},{"taxonomy":"product_notice","embeddable":true,"href":"https:\/\/danosa.com\/audal\/wp-json\/wp\/v2\/product_notice?post=643"},{"taxonomy":"product_icon","embeddable":true,"href":"https:\/\/danosa.com\/audal\/wp-json\/wp\/v2\/product_icon?post=643"},{"taxonomy":"product_application","embeddable":true,"href":"https:\/\/danosa.com\/audal\/wp-json\/wp\/v2\/product_application?post=643"},{"taxonomy":"product_standards_certification","embeddable":true,"href":"https:\/\/danosa.com\/audal\/wp-json\/wp\/v2\/product_standards_certification?post=643"},{"taxonomy":"product_benefits","embeddable":true,"href":"https:\/\/danosa.com\/audal\/wp-json\/wp\/v2\/product_benefits?post=643"},{"taxonomy":"product_support","embeddable":true,"href":"https:\/\/danosa.com\/audal\/wp-json\/wp\/v2\/product_support?post=643"},{"taxonomy":"product_substrate_preparation","embeddable":true,"href":"https:\/\/danosa.com\/audal\/wp-json\/wp\/v2\/product_substrate_preparation?post=643"},{"taxonomy":"product_important_indications","embeddable":true,"href":"https:\/\/danosa.com\/audal\/wp-json\/wp\/v2\/product_important_indications?post=643"},{"taxonomy":"product_conservation","embeddable":true,"href":"https:\/\/danosa.com\/audal\/wp-json\/wp\/v2\/product_conservation?post=643"},{"taxonomy":"product_warning","embeddable":true,"href":"https:\/\/danosa.com\/audal\/wp-json\/wp\/v2\/product_warning?post=643"},{"taxonomy":"product_safety_hygiene","embeddable":true,"href":"https:\/\/danosa.com\/audal\/wp-json\/wp\/v2\/product_safety_hygiene?post=643"},{"taxonomy":"system_certification","embeddable":true,"href":"https:\/\/danosa.com\/audal\/wp-json\/wp\/v2\/system_certification?post=643"},{"taxonomy":"product_maintenance","embeddable":true,"href":"https:\/\/danosa.com\/audal\/wp-json\/wp\/v2\/product_maintenance?post=643"},{"taxonomy":"product_safety_datasheet","embeddable":true,"href":"https:\/\/danosa.com\/audal\/wp-json\/wp\/v2\/product_safety_datasheet?post=643"},{"taxonomy":"filter_special_uses","embeddable":true,"href":"https:\/\/danosa.com\/audal\/wp-json\/wp\/v2\/filter_special_uses?post=643"}],"curies":[{"name":"wp","href":"https:\/\/api.w.org\/{rel}","templated":true}]}}