{"id":526,"date":"2026-03-23T19:52:54","date_gmt":"2026-03-23T19:52:54","guid":{"rendered":"https:\/\/danosa.com\/audal\/product\/self-dan-sp-2\/"},"modified":"2026-03-23T19:52:54","modified_gmt":"2026-03-23T19:52:54","slug":"self-dan-sp-2","status":"publish","type":"product","link":"https:\/\/danosa.com\/audal\/product\/self-dan-sp-2\/","title":{"rendered":"SELF DAN SP 2."},"content":{"rendered":"\n<p>L\u00e1mina impermeabilizante bituminosa de superficie no protegida. Compuesta por un m\u00e1stico de bet\u00fan modificado con elast\u00f3mero (SBS) autoadhesivo, usando como material antipunzonante un geotextil de 250 g\/m\u00b2 en la cara superior y un film de polipropileno siliconado en la cara inferior.<\/p>\n","protected":false},"excerpt":{"rendered":"<p>L\u00e1mina impermeabilizante de bet\u00fan modificado con elast\u00f3meros (SBS) autoadhesivo de superficie no protegida con terminaci\u00f3n en geotextil.<\/p>\n","protected":false},"featured_media":0,"parent":0,"menu_order":0,"template":"","meta":{"_acf_changed":false,"_uag_custom_page_level_css":"","site-sidebar-layout":"default","site-content-layout":"","ast-site-content-layout":"default","site-content-style":"default","site-sidebar-style":"default","ast-global-header-display":"","ast-banner-title-visibility":"","ast-main-header-display":"","ast-hfb-above-header-display":"","ast-hfb-below-header-display":"","ast-hfb-mobile-header-display":"","site-post-title":"","ast-breadcrumbs-content":"","ast-featured-img":"","footer-sml-layout":"","ast-disable-related-posts":"","theme-transparent-header-meta":"","adv-header-id-meta":"","stick-header-meta":"","header-above-stick-meta":"","header-main-stick-meta":"","header-below-stick-meta":"","astra-migrate-meta-layouts":"default","ast-page-background-enabled":"default","ast-page-background-meta":{"desktop":{"background-color":"var(--ast-global-color-5)","background-image":"","background-repeat":"repeat","background-position":"center center","background-size":"auto","background-attachment":"scroll","background-type":"","background-media":"","overlay-type":"","overlay-color":"","overlay-opacity":"","overlay-gradient":""},"tablet":{"background-color":"","background-image":"","background-repeat":"repeat","background-position":"center center","background-size":"auto","background-attachment":"scroll","background-type":"","background-media":"","overlay-type":"","overlay-color":"","overlay-opacity":"","overlay-gradient":""},"mobile":{"background-color":"","background-image":"","background-repeat":"repeat","background-position":"center center","background-size":"auto","background-attachment":"scroll","background-type":"","background-media":"","overlay-type":"","overlay-color":"","overlay-opacity":"","overlay-gradient":""}},"ast-content-background-meta":{"desktop":{"background-color":"var(--ast-global-color-4)","background-image":"","background-repeat":"repeat","background-position":"center center","background-size":"auto","background-attachment":"scroll","background-type":"","background-media":"","overlay-type":"","overlay-color":"","overlay-opacity":"","overlay-gradient":""},"tablet":{"background-color":"var(--ast-global-color-4)","background-image":"","background-repeat":"repeat","background-position":"center center","background-size":"auto","background-attachment":"scroll","background-type":"","background-media":"","overlay-type":"","overlay-color":"","overlay-opacity":"","overlay-gradient":""},"mobile":{"background-color":"var(--ast-global-color-4)","background-image":"","background-repeat":"repeat","background-position":"center center","background-size":"auto","background-attachment":"scroll","background-type":"","background-media":"","overlay-type":"","overlay-color":"","overlay-opacity":"","overlay-gradient":""}}},"family":[15,16,17],"product_notice":[92],"product_icon":[],"product_application":[159,1015],"product_standards_certification":[161,1016],"product_benefits":[1442,454,430,1430],"product_support":[],"product_substrate_preparation":[],"product_important_indications":[1024,460,1063],"product_conservation":[],"product_warning":[],"product_safety_hygiene":[],"system_certification":[1037],"product_maintenance":[166],"product_safety_datasheet":[167],"filter_special_uses":[1059],"class_list":["post-526","product","type-product","status-publish","hentry","family-estanqueidad-al-agua","family-impermeabilizacion-bituminosa","family-laminas-bituminosas","product_notice-av-001","product_application-nc017","product_application-nc020","product_standards_certification-nc017","product_standards_certification-nc020","product_benefits-vb056","product_benefits-vb242","product_benefits-vb270","product_benefits-vb489","product_important_indications-ii081","product_important_indications-ii171","product_important_indications-ii179","system_certification-gbce-laminas-de-betun-modificado-lbm","product_maintenance-m02","product_safety_datasheet-fs_lbm","filter_special_uses-estructuras-enterradas"],"acf":[],"uagb_featured_image_src":{"full":false,"thumbnail":false,"medium":false,"medium_large":false,"large":false,"1536x1536":false,"2048x2048":false,"danosa-news-list":false,"danosa-news-medium":false},"uagb_author_info":{"display_name":"admin","author_link":"https:\/\/danosa.com\/audal\/author\/"},"uagb_comment_info":0,"uagb_excerpt":"L\u00e1mina impermeabilizante de bet\u00fan modificado con elast\u00f3meros (SBS) autoadhesivo de superficie no protegida con terminaci\u00f3n en geotextil.","_links":{"self":[{"href":"https:\/\/danosa.com\/audal\/wp-json\/wp\/v2\/product\/526","targetHints":{"allow":["GET"]}}],"collection":[{"href":"https:\/\/danosa.com\/audal\/wp-json\/wp\/v2\/product"}],"about":[{"href":"https:\/\/danosa.com\/audal\/wp-json\/wp\/v2\/types\/product"}],"wp:attachment":[{"href":"https:\/\/danosa.com\/audal\/wp-json\/wp\/v2\/media?parent=526"}],"wp:term":[{"taxonomy":"family","embeddable":true,"href":"https:\/\/danosa.com\/audal\/wp-json\/wp\/v2\/family?post=526"},{"taxonomy":"product_notice","embeddable":true,"href":"https:\/\/danosa.com\/audal\/wp-json\/wp\/v2\/product_notice?post=526"},{"taxonomy":"product_icon","embeddable":true,"href":"https:\/\/danosa.com\/audal\/wp-json\/wp\/v2\/product_icon?post=526"},{"taxonomy":"product_application","embeddable":true,"href":"https:\/\/danosa.com\/audal\/wp-json\/wp\/v2\/product_application?post=526"},{"taxonomy":"product_standards_certification","embeddable":true,"href":"https:\/\/danosa.com\/audal\/wp-json\/wp\/v2\/product_standards_certification?post=526"},{"taxonomy":"product_benefits","embeddable":true,"href":"https:\/\/danosa.com\/audal\/wp-json\/wp\/v2\/product_benefits?post=526"},{"taxonomy":"product_support","embeddable":true,"href":"https:\/\/danosa.com\/audal\/wp-json\/wp\/v2\/product_support?post=526"},{"taxonomy":"product_substrate_preparation","embeddable":true,"href":"https:\/\/danosa.com\/audal\/wp-json\/wp\/v2\/product_substrate_preparation?post=526"},{"taxonomy":"product_important_indications","embeddable":true,"href":"https:\/\/danosa.com\/audal\/wp-json\/wp\/v2\/product_important_indications?post=526"},{"taxonomy":"product_conservation","embeddable":true,"href":"https:\/\/danosa.com\/audal\/wp-json\/wp\/v2\/product_conservation?post=526"},{"taxonomy":"product_warning","embeddable":true,"href":"https:\/\/danosa.com\/audal\/wp-json\/wp\/v2\/product_warning?post=526"},{"taxonomy":"product_safety_hygiene","embeddable":true,"href":"https:\/\/danosa.com\/audal\/wp-json\/wp\/v2\/product_safety_hygiene?post=526"},{"taxonomy":"system_certification","embeddable":true,"href":"https:\/\/danosa.com\/audal\/wp-json\/wp\/v2\/system_certification?post=526"},{"taxonomy":"product_maintenance","embeddable":true,"href":"https:\/\/danosa.com\/audal\/wp-json\/wp\/v2\/product_maintenance?post=526"},{"taxonomy":"product_safety_datasheet","embeddable":true,"href":"https:\/\/danosa.com\/audal\/wp-json\/wp\/v2\/product_safety_datasheet?post=526"},{"taxonomy":"filter_special_uses","embeddable":true,"href":"https:\/\/danosa.com\/audal\/wp-json\/wp\/v2\/filter_special_uses?post=526"}],"curies":[{"name":"wp","href":"https:\/\/api.w.org\/{rel}","templated":true}]}}