{"id":510,"date":"2026-03-23T19:52:54","date_gmt":"2026-03-23T19:52:54","guid":{"rendered":"https:\/\/danosa.com\/audal\/product\/polydan-pro-nox-fm-50-gp\/"},"modified":"2026-03-23T19:52:54","modified_gmt":"2026-03-23T19:52:54","slug":"polydan-pro-nox-fm-50-gp","status":"publish","type":"product","link":"https:\/\/danosa.com\/audal\/product\/polydan-pro-nox-fm-50-gp\/","title":{"rendered":"POLYDAN PRO NOX FM 50\/GP."},"content":{"rendered":"\n<p>L\u00e1mina bituminosa con m\u00e1stico de formulaci\u00f3n avanzada SBS de alta durabilidad con acabado  autoprotegido con propiedades fotocatal\u00edticas tipo LBM(SBS)-50\/G-FP R.<br>Contiene una armadura de fieltro de poli\u00e9ster reforzado y estabilizado de gran gramaje especial para fijaci\u00f3n mec\u00e1nica, recubierta por  un m\u00e1stico de bet\u00fan modificado con elast\u00f3meros (SBS).<br>En su cara externa la l\u00e1mina incorpora gr\u00e1nulos de pizarra de color blanco con propiedades fotocatal\u00edticas como material de protecci\u00f3n. En su cara interna, como material antiadherente, un film pl\u00e1stico de terminaci\u00f3n termofusible.<\/p>\n","protected":false},"excerpt":{"rendered":"<p>Membrana impermeable de bet\u00fan elastom\u00e9rico SBS de altas prestaciones autoprotegida tipo LBM-50\/G-FP R. Descontaminante y reflectante. Especial fijaci\u00f3n mec\u00e1nica.<\/p>\n","protected":false},"featured_media":0,"parent":0,"menu_order":0,"template":"","meta":{"_acf_changed":false,"_uag_custom_page_level_css":"","site-sidebar-layout":"default","site-content-layout":"","ast-site-content-layout":"default","site-content-style":"default","site-sidebar-style":"default","ast-global-header-display":"","ast-banner-title-visibility":"","ast-main-header-display":"","ast-hfb-above-header-display":"","ast-hfb-below-header-display":"","ast-hfb-mobile-header-display":"","site-post-title":"","ast-breadcrumbs-content":"","ast-featured-img":"","footer-sml-layout":"","ast-disable-related-posts":"","theme-transparent-header-meta":"","adv-header-id-meta":"","stick-header-meta":"","header-above-stick-meta":"","header-main-stick-meta":"","header-below-stick-meta":"","astra-migrate-meta-layouts":"default","ast-page-background-enabled":"default","ast-page-background-meta":{"desktop":{"background-color":"var(--ast-global-color-5)","background-image":"","background-repeat":"repeat","background-position":"center center","background-size":"auto","background-attachment":"scroll","background-type":"","background-media":"","overlay-type":"","overlay-color":"","overlay-opacity":"","overlay-gradient":""},"tablet":{"background-color":"","background-image":"","background-repeat":"repeat","background-position":"center center","background-size":"auto","background-attachment":"scroll","background-type":"","background-media":"","overlay-type":"","overlay-color":"","overlay-opacity":"","overlay-gradient":""},"mobile":{"background-color":"","background-image":"","background-repeat":"repeat","background-position":"center center","background-size":"auto","background-attachment":"scroll","background-type":"","background-media":"","overlay-type":"","overlay-color":"","overlay-opacity":"","overlay-gradient":""}},"ast-content-background-meta":{"desktop":{"background-color":"var(--ast-global-color-4)","background-image":"","background-repeat":"repeat","background-position":"center center","background-size":"auto","background-attachment":"scroll","background-type":"","background-media":"","overlay-type":"","overlay-color":"","overlay-opacity":"","overlay-gradient":""},"tablet":{"background-color":"var(--ast-global-color-4)","background-image":"","background-repeat":"repeat","background-position":"center center","background-size":"auto","background-attachment":"scroll","background-type":"","background-media":"","overlay-type":"","overlay-color":"","overlay-opacity":"","overlay-gradient":""},"mobile":{"background-color":"var(--ast-global-color-4)","background-image":"","background-repeat":"repeat","background-position":"center center","background-size":"auto","background-attachment":"scroll","background-type":"","background-media":"","overlay-type":"","overlay-color":"","overlay-opacity":"","overlay-gradient":""}}},"family":[15,16,17],"product_notice":[92],"product_icon":[],"product_application":[1354,159,390,160,1355],"product_standards_certification":[1356,161,391,162,1357],"product_benefits":[433,435,792,1118,788,432,431,430,393,1349,1351],"product_support":[824,1346,1121,496,497],"product_substrate_preparation":[],"product_important_indications":[410,409,406,1093,403,411,1094,412,399,424,405,426,425,1352,414],"product_conservation":[164,150,415,1327,416],"product_warning":[437],"product_safety_hygiene":[],"system_certification":[1081,1115,1037],"product_maintenance":[166],"product_safety_datasheet":[167],"filter_special_uses":[1353,1328],"class_list":["post-510","product","type-product","status-publish","hentry","family-estanqueidad-al-agua","family-impermeabilizacion-bituminosa","family-laminas-bituminosas","product_notice-av-001","product_application-nc001","product_application-nc017","product_application-nc030","product_application-nc031","product_application-nc049","product_standards_certification-nc001","product_standards_certification-nc017","product_standards_certification-nc030","product_standards_certification-nc031","product_standards_certification-nc049","product_benefits-vb047","product_benefits-vb071","product_benefits-vb086","product_benefits-vb142","product_benefits-vb254","product_benefits-vb261","product_benefits-vb264","product_benefits-vb270","product_benefits-vb370","product_benefits-vb424","product_benefits-vb501","product_support-s019","product_support-s019_frances","product_support-s066","product_support-s073","product_support-s075","product_important_indications-ii040","product_important_indications-ii042","product_important_indications-ii044","product_important_indications-ii046","product_important_indications-ii072","product_important_indications-ii093","product_important_indications-ii094","product_important_indications-ii095","product_important_indications-ii140","product_important_indications-ii180","product_important_indications-ii193","product_important_indications-ii196","product_important_indications-ii220","product_important_indications-ii263","product_important_indications-ii999","product_conservation-c012","product_conservation-c039","product_conservation-c046","product_conservation-c099","product_conservation-c131","product_warning-p074","system_certification-dit-550r-21","system_certification-ete-06-0058","system_certification-gbce-laminas-de-betun-modificado-lbm","product_maintenance-m02","product_safety_datasheet-fs_lbm","filter_special_uses-fotocataliticas-nox","filter_special_uses-gama-pro-altas-prestaciones"],"acf":[],"uagb_featured_image_src":{"full":false,"thumbnail":false,"medium":false,"medium_large":false,"large":false,"1536x1536":false,"2048x2048":false,"danosa-news-list":false,"danosa-news-medium":false},"uagb_author_info":{"display_name":"admin","author_link":"https:\/\/danosa.com\/audal\/author\/"},"uagb_comment_info":0,"uagb_excerpt":"Membrana impermeable de bet\u00fan elastom\u00e9rico SBS de altas prestaciones autoprotegida tipo LBM-50\/G-FP R. Descontaminante y reflectante. Especial fijaci\u00f3n mec\u00e1nica.","_links":{"self":[{"href":"https:\/\/danosa.com\/audal\/wp-json\/wp\/v2\/product\/510","targetHints":{"allow":["GET"]}}],"collection":[{"href":"https:\/\/danosa.com\/audal\/wp-json\/wp\/v2\/product"}],"about":[{"href":"https:\/\/danosa.com\/audal\/wp-json\/wp\/v2\/types\/product"}],"wp:attachment":[{"href":"https:\/\/danosa.com\/audal\/wp-json\/wp\/v2\/media?parent=510"}],"wp:term":[{"taxonomy":"family","embeddable":true,"href":"https:\/\/danosa.com\/audal\/wp-json\/wp\/v2\/family?post=510"},{"taxonomy":"product_notice","embeddable":true,"href":"https:\/\/danosa.com\/audal\/wp-json\/wp\/v2\/product_notice?post=510"},{"taxonomy":"product_icon","embeddable":true,"href":"https:\/\/danosa.com\/audal\/wp-json\/wp\/v2\/product_icon?post=510"},{"taxonomy":"product_application","embeddable":true,"href":"https:\/\/danosa.com\/audal\/wp-json\/wp\/v2\/product_application?post=510"},{"taxonomy":"product_standards_certification","embeddable":true,"href":"https:\/\/danosa.com\/audal\/wp-json\/wp\/v2\/product_standards_certification?post=510"},{"taxonomy":"product_benefits","embeddable":true,"href":"https:\/\/danosa.com\/audal\/wp-json\/wp\/v2\/product_benefits?post=510"},{"taxonomy":"product_support","embeddable":true,"href":"https:\/\/danosa.com\/audal\/wp-json\/wp\/v2\/product_support?post=510"},{"taxonomy":"product_substrate_preparation","embeddable":true,"href":"https:\/\/danosa.com\/audal\/wp-json\/wp\/v2\/product_substrate_preparation?post=510"},{"taxonomy":"product_important_indications","embeddable":true,"href":"https:\/\/danosa.com\/audal\/wp-json\/wp\/v2\/product_important_indications?post=510"},{"taxonomy":"product_conservation","embeddable":true,"href":"https:\/\/danosa.com\/audal\/wp-json\/wp\/v2\/product_conservation?post=510"},{"taxonomy":"product_warning","embeddable":true,"href":"https:\/\/danosa.com\/audal\/wp-json\/wp\/v2\/product_warning?post=510"},{"taxonomy":"product_safety_hygiene","embeddable":true,"href":"https:\/\/danosa.com\/audal\/wp-json\/wp\/v2\/product_safety_hygiene?post=510"},{"taxonomy":"system_certification","embeddable":true,"href":"https:\/\/danosa.com\/audal\/wp-json\/wp\/v2\/system_certification?post=510"},{"taxonomy":"product_maintenance","embeddable":true,"href":"https:\/\/danosa.com\/audal\/wp-json\/wp\/v2\/product_maintenance?post=510"},{"taxonomy":"product_safety_datasheet","embeddable":true,"href":"https:\/\/danosa.com\/audal\/wp-json\/wp\/v2\/product_safety_datasheet?post=510"},{"taxonomy":"filter_special_uses","embeddable":true,"href":"https:\/\/danosa.com\/audal\/wp-json\/wp\/v2\/filter_special_uses?post=510"}],"curies":[{"name":"wp","href":"https:\/\/api.w.org\/{rel}","templated":true}]}}