{"id":507,"date":"2026-03-23T19:52:49","date_gmt":"2026-03-23T19:52:49","guid":{"rendered":"https:\/\/danosa.com\/audal\/product\/polydan-60-tf-elast\/"},"modified":"2026-03-23T19:52:49","modified_gmt":"2026-03-23T19:52:49","slug":"polydan-60-tf-elast","status":"publish","type":"product","link":"https:\/\/danosa.com\/audal\/product\/polydan-60-tf-elast\/","title":{"rendered":"POLYDAN 60 TF ELAST"},"content":{"rendered":"\n<p>L\u00e1mina bituminosa de superficie autoprotegida tipo LBM(SBS)-60\/G-FP.<br>Est\u00e1 compuesta por una armadura de fieltro de poli\u00e9ster no tejido de gran gramaje reforzado,  recubierta por ambas caras con un m\u00e1stico de bet\u00fan modificado con elast\u00f3meros (SBS), acabada en su cara externa en gr\u00e1nulos de pizarra de color gris (negro), como material de protecci\u00f3n. En su cara interna, como material antiadherente, incorpora un film pl\u00e1stico de terminaci\u00f3n.<\/p>\n","protected":false},"excerpt":{"rendered":"<p>Membrana impermeable de bet\u00fan elastom\u00e9rico SBS  autoprotegida tipo LBM-60\/G-FP R. Especial tr\u00e1fico rodado.<\/p>\n","protected":false},"featured_media":0,"parent":0,"menu_order":0,"template":"","meta":{"_acf_changed":false,"_uag_custom_page_level_css":"","site-sidebar-layout":"default","site-content-layout":"","ast-site-content-layout":"default","site-content-style":"default","site-sidebar-style":"default","ast-global-header-display":"","ast-banner-title-visibility":"","ast-main-header-display":"","ast-hfb-above-header-display":"","ast-hfb-below-header-display":"","ast-hfb-mobile-header-display":"","site-post-title":"","ast-breadcrumbs-content":"","ast-featured-img":"","footer-sml-layout":"","ast-disable-related-posts":"","theme-transparent-header-meta":"","adv-header-id-meta":"","stick-header-meta":"","header-above-stick-meta":"","header-main-stick-meta":"","header-below-stick-meta":"","astra-migrate-meta-layouts":"default","ast-page-background-enabled":"default","ast-page-background-meta":{"desktop":{"background-color":"var(--ast-global-color-5)","background-image":"","background-repeat":"repeat","background-position":"center center","background-size":"auto","background-attachment":"scroll","background-type":"","background-media":"","overlay-type":"","overlay-color":"","overlay-opacity":"","overlay-gradient":""},"tablet":{"background-color":"","background-image":"","background-repeat":"repeat","background-position":"center center","background-size":"auto","background-attachment":"scroll","background-type":"","background-media":"","overlay-type":"","overlay-color":"","overlay-opacity":"","overlay-gradient":""},"mobile":{"background-color":"","background-image":"","background-repeat":"repeat","background-position":"center center","background-size":"auto","background-attachment":"scroll","background-type":"","background-media":"","overlay-type":"","overlay-color":"","overlay-opacity":"","overlay-gradient":""}},"ast-content-background-meta":{"desktop":{"background-color":"var(--ast-global-color-4)","background-image":"","background-repeat":"repeat","background-position":"center center","background-size":"auto","background-attachment":"scroll","background-type":"","background-media":"","overlay-type":"","overlay-color":"","overlay-opacity":"","overlay-gradient":""},"tablet":{"background-color":"var(--ast-global-color-4)","background-image":"","background-repeat":"repeat","background-position":"center center","background-size":"auto","background-attachment":"scroll","background-type":"","background-media":"","overlay-type":"","overlay-color":"","overlay-opacity":"","overlay-gradient":""},"mobile":{"background-color":"var(--ast-global-color-4)","background-image":"","background-repeat":"repeat","background-position":"center center","background-size":"auto","background-attachment":"scroll","background-type":"","background-media":"","overlay-type":"","overlay-color":"","overlay-opacity":"","overlay-gradient":""}}},"family":[15,16,17],"product_notice":[92],"product_icon":[],"product_application":[159,1015,1339,390,160,668,1126,1044],"product_standards_certification":[161,1016,1340,391,162,672,1127,1049],"product_benefits":[433,435,792,1118,788,432,431,430,393,1348],"product_support":[1051,496,497],"product_substrate_preparation":[],"product_important_indications":[1336,410,409,406,1093,403,1333,1334,1335,1094,404,1337,399,424,1331,405,426,425,414],"product_conservation":[164,150,415,436,416],"product_warning":[437],"product_safety_hygiene":[],"system_certification":[1081,427,1174,1082,1037,1058],"product_maintenance":[166],"product_safety_datasheet":[167],"filter_special_uses":[1059,1128],"class_list":["post-507","product","type-product","status-publish","hentry","family-estanqueidad-al-agua","family-impermeabilizacion-bituminosa","family-laminas-bituminosas","product_notice-av-001","product_application-nc017","product_application-nc020","product_application-nc023","product_application-nc030","product_application-nc031","product_application-nc036","product_application-nc037","product_application-nc081","product_standards_certification-nc017","product_standards_certification-nc020","product_standards_certification-nc023","product_standards_certification-nc030","product_standards_certification-nc031","product_standards_certification-nc036","product_standards_certification-nc037","product_standards_certification-nc081","product_benefits-vb047","product_benefits-vb071","product_benefits-vb086","product_benefits-vb142","product_benefits-vb254","product_benefits-vb261","product_benefits-vb264","product_benefits-vb270","product_benefits-vb370","product_benefits-vb383","product_support-s023","product_support-s073","product_support-s075","product_important_indications-ii028","product_important_indications-ii040","product_important_indications-ii042","product_important_indications-ii044","product_important_indications-ii046","product_important_indications-ii072","product_important_indications-ii077","product_important_indications-ii083","product_important_indications-ii085","product_important_indications-ii094","product_important_indications-ii121","product_important_indications-ii137","product_important_indications-ii140","product_important_indications-ii180","product_important_indications-ii190","product_important_indications-ii193","product_important_indications-ii196","product_important_indications-ii220","product_important_indications-ii999","product_conservation-c012","product_conservation-c039","product_conservation-c046","product_conservation-c098","product_conservation-c131","product_warning-p074","system_certification-dit-550r-21","system_certification-dit-567r-25","system_certification-dit-569r-24","system_certification-epd-s-p-01493","system_certification-gbce-laminas-de-betun-modificado-lbm","system_certification-qb55-07-0001","product_maintenance-m02","product_safety_datasheet-fs_lbm","filter_special_uses-estructuras-enterradas","filter_special_uses-trafico-rodado"],"acf":[],"uagb_featured_image_src":{"full":false,"thumbnail":false,"medium":false,"medium_large":false,"large":false,"1536x1536":false,"2048x2048":false,"danosa-news-list":false,"danosa-news-medium":false},"uagb_author_info":{"display_name":"admin","author_link":"https:\/\/danosa.com\/audal\/author\/"},"uagb_comment_info":0,"uagb_excerpt":"Membrana impermeable de bet\u00fan elastom\u00e9rico SBS autoprotegida tipo LBM-60\/G-FP R. Especial tr\u00e1fico rodado.","_links":{"self":[{"href":"https:\/\/danosa.com\/audal\/wp-json\/wp\/v2\/product\/507","targetHints":{"allow":["GET"]}}],"collection":[{"href":"https:\/\/danosa.com\/audal\/wp-json\/wp\/v2\/product"}],"about":[{"href":"https:\/\/danosa.com\/audal\/wp-json\/wp\/v2\/types\/product"}],"wp:attachment":[{"href":"https:\/\/danosa.com\/audal\/wp-json\/wp\/v2\/media?parent=507"}],"wp:term":[{"taxonomy":"family","embeddable":true,"href":"https:\/\/danosa.com\/audal\/wp-json\/wp\/v2\/family?post=507"},{"taxonomy":"product_notice","embeddable":true,"href":"https:\/\/danosa.com\/audal\/wp-json\/wp\/v2\/product_notice?post=507"},{"taxonomy":"product_icon","embeddable":true,"href":"https:\/\/danosa.com\/audal\/wp-json\/wp\/v2\/product_icon?post=507"},{"taxonomy":"product_application","embeddable":true,"href":"https:\/\/danosa.com\/audal\/wp-json\/wp\/v2\/product_application?post=507"},{"taxonomy":"product_standards_certification","embeddable":true,"href":"https:\/\/danosa.com\/audal\/wp-json\/wp\/v2\/product_standards_certification?post=507"},{"taxonomy":"product_benefits","embeddable":true,"href":"https:\/\/danosa.com\/audal\/wp-json\/wp\/v2\/product_benefits?post=507"},{"taxonomy":"product_support","embeddable":true,"href":"https:\/\/danosa.com\/audal\/wp-json\/wp\/v2\/product_support?post=507"},{"taxonomy":"product_substrate_preparation","embeddable":true,"href":"https:\/\/danosa.com\/audal\/wp-json\/wp\/v2\/product_substrate_preparation?post=507"},{"taxonomy":"product_important_indications","embeddable":true,"href":"https:\/\/danosa.com\/audal\/wp-json\/wp\/v2\/product_important_indications?post=507"},{"taxonomy":"product_conservation","embeddable":true,"href":"https:\/\/danosa.com\/audal\/wp-json\/wp\/v2\/product_conservation?post=507"},{"taxonomy":"product_warning","embeddable":true,"href":"https:\/\/danosa.com\/audal\/wp-json\/wp\/v2\/product_warning?post=507"},{"taxonomy":"product_safety_hygiene","embeddable":true,"href":"https:\/\/danosa.com\/audal\/wp-json\/wp\/v2\/product_safety_hygiene?post=507"},{"taxonomy":"system_certification","embeddable":true,"href":"https:\/\/danosa.com\/audal\/wp-json\/wp\/v2\/system_certification?post=507"},{"taxonomy":"product_maintenance","embeddable":true,"href":"https:\/\/danosa.com\/audal\/wp-json\/wp\/v2\/product_maintenance?post=507"},{"taxonomy":"product_safety_datasheet","embeddable":true,"href":"https:\/\/danosa.com\/audal\/wp-json\/wp\/v2\/product_safety_datasheet?post=507"},{"taxonomy":"filter_special_uses","embeddable":true,"href":"https:\/\/danosa.com\/audal\/wp-json\/wp\/v2\/filter_special_uses?post=507"}],"curies":[{"name":"wp","href":"https:\/\/api.w.org\/{rel}","templated":true}]}}