{"id":479,"date":"2026-03-23T19:52:45","date_gmt":"2026-03-23T19:52:45","guid":{"rendered":"https:\/\/danosa.com\/audal\/product\/maxdan\/"},"modified":"2026-03-23T19:52:45","modified_gmt":"2026-03-23T19:52:45","slug":"maxdan","status":"publish","type":"product","link":"https:\/\/danosa.com\/audal\/product\/maxdan\/","title":{"rendered":"MAXDAN"},"content":{"rendered":"\n<p>MAXDAN es una emulsi\u00f3n bituminosa de consistencia viscosa y de aplicaci\u00f3n en fr\u00edo.<br>Est\u00e1 compuesto por la dispersi\u00f3n de peque\u00f1as part\u00edculas de bet\u00fan con un agente emulsionante de car\u00e1cter ani\u00f3nico y con incorporaci\u00f3n de cargas.<br>Clasificado seg\u00fan  Norma UNE 104231-99 como una como ED (Emulsi\u00f3n tipo D) &#8211; Preparada con agentes emulsionantes minerales coloidales (no i\u00f3nicas).<\/p>\n","protected":false},"excerpt":{"rendered":"<p>Emulsi\u00f3n asf\u00e1ltica de consistencia viscosa para aplicaci\u00f3n en fr\u00edo<\/p>\n","protected":false},"featured_media":0,"parent":0,"menu_order":0,"template":"","meta":{"_acf_changed":false,"_uag_custom_page_level_css":"","site-sidebar-layout":"default","site-content-layout":"","ast-site-content-layout":"default","site-content-style":"default","site-sidebar-style":"default","ast-global-header-display":"","ast-banner-title-visibility":"","ast-main-header-display":"","ast-hfb-above-header-display":"","ast-hfb-below-header-display":"","ast-hfb-mobile-header-display":"","site-post-title":"","ast-breadcrumbs-content":"","ast-featured-img":"","footer-sml-layout":"","ast-disable-related-posts":"","theme-transparent-header-meta":"","adv-header-id-meta":"","stick-header-meta":"","header-above-stick-meta":"","header-main-stick-meta":"","header-below-stick-meta":"","astra-migrate-meta-layouts":"default","ast-page-background-enabled":"default","ast-page-background-meta":{"desktop":{"background-color":"var(--ast-global-color-5)","background-image":"","background-repeat":"repeat","background-position":"center center","background-size":"auto","background-attachment":"scroll","background-type":"","background-media":"","overlay-type":"","overlay-color":"","overlay-opacity":"","overlay-gradient":""},"tablet":{"background-color":"","background-image":"","background-repeat":"repeat","background-position":"center center","background-size":"auto","background-attachment":"scroll","background-type":"","background-media":"","overlay-type":"","overlay-color":"","overlay-opacity":"","overlay-gradient":""},"mobile":{"background-color":"","background-image":"","background-repeat":"repeat","background-position":"center center","background-size":"auto","background-attachment":"scroll","background-type":"","background-media":"","overlay-type":"","overlay-color":"","overlay-opacity":"","overlay-gradient":""}},"ast-content-background-meta":{"desktop":{"background-color":"var(--ast-global-color-4)","background-image":"","background-repeat":"repeat","background-position":"center center","background-size":"auto","background-attachment":"scroll","background-type":"","background-media":"","overlay-type":"","overlay-color":"","overlay-opacity":"","overlay-gradient":""},"tablet":{"background-color":"var(--ast-global-color-4)","background-image":"","background-repeat":"repeat","background-position":"center center","background-size":"auto","background-attachment":"scroll","background-type":"","background-media":"","overlay-type":"","overlay-color":"","overlay-opacity":"","overlay-gradient":""},"mobile":{"background-color":"var(--ast-global-color-4)","background-image":"","background-repeat":"repeat","background-position":"center center","background-size":"auto","background-attachment":"scroll","background-type":"","background-media":"","overlay-type":"","overlay-color":"","overlay-opacity":"","overlay-gradient":""}}},"family":[15,16,19],"product_notice":[92],"product_icon":[],"product_application":[490,390],"product_standards_certification":[491,391],"product_benefits":[1279,394,1274,1273,1272,1270,1165,348,198,1276,1278,1275,1280,1271,1217,325,495,1277,519],"product_support":[],"product_substrate_preparation":[],"product_important_indications":[501,409,403,502,504,503,499,424,426,1281,505,414],"product_conservation":[150,152,506,149,417,508,1228,156,124,125],"product_warning":[],"product_safety_hygiene":[],"system_certification":[],"product_maintenance":[],"product_safety_datasheet":[1282],"filter_special_uses":[],"class_list":["post-479","product","type-product","status-publish","hentry","family-estanqueidad-al-agua","family-impermeabilizacion-bituminosa","family-imprimaciones-y-emulsiones","product_notice-av-001","product_application-nc008","product_application-nc030","product_standards_certification-nc008","product_standards_certification-nc030","product_benefits-vb051","product_benefits-vb099","product_benefits-vb104","product_benefits-vb125","product_benefits-vb165","product_benefits-vb175","product_benefits-vb179","product_benefits-vb231","product_benefits-vb244","product_benefits-vb279","product_benefits-vb314","product_benefits-vb350","product_benefits-vb378","product_benefits-vb428","product_benefits-vb437","product_benefits-vb451","product_benefits-vb453","product_benefits-vb490","product_benefits-vb618","product_important_indications-ii008","product_important_indications-ii042","product_important_indications-ii072","product_important_indications-ii117","product_important_indications-ii125","product_important_indications-ii130","product_important_indications-ii146","product_important_indications-ii180","product_important_indications-ii196","product_important_indications-ii233","product_important_indications-ii259_2","product_important_indications-ii999","product_conservation-c039","product_conservation-c047","product_conservation-c051","product_conservation-c075","product_conservation-c123","product_conservation-c167_2","product_conservation-c185","product_conservation-c996","product_conservation-c997","product_conservation-c999","product_safety_datasheet-fs_maxdan"],"acf":[],"uagb_featured_image_src":{"full":false,"thumbnail":false,"medium":false,"medium_large":false,"large":false,"1536x1536":false,"2048x2048":false,"danosa-news-list":false,"danosa-news-medium":false},"uagb_author_info":{"display_name":"admin","author_link":"https:\/\/danosa.com\/audal\/author\/"},"uagb_comment_info":0,"uagb_excerpt":"Emulsi\u00f3n asf\u00e1ltica de consistencia viscosa para aplicaci\u00f3n en fr\u00edo","_links":{"self":[{"href":"https:\/\/danosa.com\/audal\/wp-json\/wp\/v2\/product\/479","targetHints":{"allow":["GET"]}}],"collection":[{"href":"https:\/\/danosa.com\/audal\/wp-json\/wp\/v2\/product"}],"about":[{"href":"https:\/\/danosa.com\/audal\/wp-json\/wp\/v2\/types\/product"}],"wp:attachment":[{"href":"https:\/\/danosa.com\/audal\/wp-json\/wp\/v2\/media?parent=479"}],"wp:term":[{"taxonomy":"family","embeddable":true,"href":"https:\/\/danosa.com\/audal\/wp-json\/wp\/v2\/family?post=479"},{"taxonomy":"product_notice","embeddable":true,"href":"https:\/\/danosa.com\/audal\/wp-json\/wp\/v2\/product_notice?post=479"},{"taxonomy":"product_icon","embeddable":true,"href":"https:\/\/danosa.com\/audal\/wp-json\/wp\/v2\/product_icon?post=479"},{"taxonomy":"product_application","embeddable":true,"href":"https:\/\/danosa.com\/audal\/wp-json\/wp\/v2\/product_application?post=479"},{"taxonomy":"product_standards_certification","embeddable":true,"href":"https:\/\/danosa.com\/audal\/wp-json\/wp\/v2\/product_standards_certification?post=479"},{"taxonomy":"product_benefits","embeddable":true,"href":"https:\/\/danosa.com\/audal\/wp-json\/wp\/v2\/product_benefits?post=479"},{"taxonomy":"product_support","embeddable":true,"href":"https:\/\/danosa.com\/audal\/wp-json\/wp\/v2\/product_support?post=479"},{"taxonomy":"product_substrate_preparation","embeddable":true,"href":"https:\/\/danosa.com\/audal\/wp-json\/wp\/v2\/product_substrate_preparation?post=479"},{"taxonomy":"product_important_indications","embeddable":true,"href":"https:\/\/danosa.com\/audal\/wp-json\/wp\/v2\/product_important_indications?post=479"},{"taxonomy":"product_conservation","embeddable":true,"href":"https:\/\/danosa.com\/audal\/wp-json\/wp\/v2\/product_conservation?post=479"},{"taxonomy":"product_warning","embeddable":true,"href":"https:\/\/danosa.com\/audal\/wp-json\/wp\/v2\/product_warning?post=479"},{"taxonomy":"product_safety_hygiene","embeddable":true,"href":"https:\/\/danosa.com\/audal\/wp-json\/wp\/v2\/product_safety_hygiene?post=479"},{"taxonomy":"system_certification","embeddable":true,"href":"https:\/\/danosa.com\/audal\/wp-json\/wp\/v2\/system_certification?post=479"},{"taxonomy":"product_maintenance","embeddable":true,"href":"https:\/\/danosa.com\/audal\/wp-json\/wp\/v2\/product_maintenance?post=479"},{"taxonomy":"product_safety_datasheet","embeddable":true,"href":"https:\/\/danosa.com\/audal\/wp-json\/wp\/v2\/product_safety_datasheet?post=479"},{"taxonomy":"filter_special_uses","embeddable":true,"href":"https:\/\/danosa.com\/audal\/wp-json\/wp\/v2\/filter_special_uses?post=479"}],"curies":[{"name":"wp","href":"https:\/\/api.w.org\/{rel}","templated":true}]}}