{"id":428,"date":"2026-03-23T19:52:36","date_gmt":"2026-03-23T19:52:36","guid":{"rendered":"https:\/\/danosa.com\/audal\/product\/fonodan-50\/"},"modified":"2026-03-23T19:52:36","modified_gmt":"2026-03-23T19:52:36","slug":"fonodan-50","status":"publish","type":"product","link":"https:\/\/danosa.com\/audal\/product\/fonodan-50\/","title":{"rendered":"FONODAN 50"},"content":{"rendered":"\n<p>FONODAN 50 es un producto bicapa formado por una membrana autoadhesiva de alta densidad y un polietileno qu\u00edmicamente reticulado termosoldado a la anterior. <br>Ac\u00fasticamente el FONODAN 50 funciona como amortiguador de la uni\u00f3n r\u00edgida entre placa de yeso laminado y perfil, aportando adem\u00e1s, una plasticidad al perfil de acero que minimiza su resonancia.<\/p>\n","protected":false},"excerpt":{"rendered":"<p>Cinta bicapa autoadhesiva para aislamiento ac\u00fastico de elementos r\u00edgidos<\/p>\n","protected":false},"featured_media":0,"parent":0,"menu_order":0,"template":"","meta":{"_acf_changed":false,"_uag_custom_page_level_css":"","site-sidebar-layout":"default","site-content-layout":"","ast-site-content-layout":"default","site-content-style":"default","site-sidebar-style":"default","ast-global-header-display":"","ast-banner-title-visibility":"","ast-main-header-display":"","ast-hfb-above-header-display":"","ast-hfb-below-header-display":"","ast-hfb-mobile-header-display":"","site-post-title":"","ast-breadcrumbs-content":"","ast-featured-img":"","footer-sml-layout":"","ast-disable-related-posts":"","theme-transparent-header-meta":"","adv-header-id-meta":"","stick-header-meta":"","header-above-stick-meta":"","header-main-stick-meta":"","header-below-stick-meta":"","astra-migrate-meta-layouts":"default","ast-page-background-enabled":"default","ast-page-background-meta":{"desktop":{"background-color":"var(--ast-global-color-5)","background-image":"","background-repeat":"repeat","background-position":"center center","background-size":"auto","background-attachment":"scroll","background-type":"","background-media":"","overlay-type":"","overlay-color":"","overlay-opacity":"","overlay-gradient":""},"tablet":{"background-color":"","background-image":"","background-repeat":"repeat","background-position":"center center","background-size":"auto","background-attachment":"scroll","background-type":"","background-media":"","overlay-type":"","overlay-color":"","overlay-opacity":"","overlay-gradient":""},"mobile":{"background-color":"","background-image":"","background-repeat":"repeat","background-position":"center center","background-size":"auto","background-attachment":"scroll","background-type":"","background-media":"","overlay-type":"","overlay-color":"","overlay-opacity":"","overlay-gradient":""}},"ast-content-background-meta":{"desktop":{"background-color":"var(--ast-global-color-4)","background-image":"","background-repeat":"repeat","background-position":"center center","background-size":"auto","background-attachment":"scroll","background-type":"","background-media":"","overlay-type":"","overlay-color":"","overlay-opacity":"","overlay-gradient":""},"tablet":{"background-color":"var(--ast-global-color-4)","background-image":"","background-repeat":"repeat","background-position":"center center","background-size":"auto","background-attachment":"scroll","background-type":"","background-media":"","overlay-type":"","overlay-color":"","overlay-opacity":"","overlay-gradient":""},"mobile":{"background-color":"var(--ast-global-color-4)","background-image":"","background-repeat":"repeat","background-position":"center center","background-size":"auto","background-attachment":"scroll","background-type":"","background-media":"","overlay-type":"","overlay-color":"","overlay-opacity":"","overlay-gradient":""}}},"family":[81,85],"product_notice":[92],"product_icon":[],"product_application":[93,94,95],"product_standards_certification":[96,97,98],"product_benefits":[724,1131,454,431,1129,1130],"product_support":[],"product_substrate_preparation":[],"product_important_indications":[479,108,1136,1134,1132,1135,1133,462,730],"product_conservation":[117,123,1140,1139,1138,734,1033,1137,124,125],"product_warning":[],"product_safety_hygiene":[],"system_certification":[1142],"product_maintenance":[],"product_safety_datasheet":[],"filter_special_uses":[],"class_list":["post-428","product","type-product","status-publish","hentry","family-proteccion-frente-al-ruido","family-materiales-antirresonantes","product_notice-av-001","product_application-nc056","product_application-nc068","product_application-nc900","product_standards_certification-nc056","product_standards_certification-nc068","product_standards_certification-nc900","product_benefits-vb012","product_benefits-vb022","product_benefits-vb242","product_benefits-vb264","product_benefits-vb330","product_benefits-vb336","product_important_indications-ii036","product_important_indications-ii038","product_important_indications-ii092","product_important_indications-ii104","product_important_indications-ii158","product_important_indications-ii177","product_important_indications-ii184","product_important_indications-ii211","product_important_indications-ii224","product_conservation-c010","product_conservation-c023","product_conservation-c048","product_conservation-c053","product_conservation-c055","product_conservation-c068","product_conservation-c072","product_conservation-c132","product_conservation-c997","product_conservation-c999","system_certification-epd-s-p-04340"],"acf":[],"uagb_featured_image_src":{"full":false,"thumbnail":false,"medium":false,"medium_large":false,"large":false,"1536x1536":false,"2048x2048":false,"danosa-news-list":false,"danosa-news-medium":false},"uagb_author_info":{"display_name":"admin","author_link":"https:\/\/danosa.com\/audal\/author\/"},"uagb_comment_info":0,"uagb_excerpt":"Cinta bicapa autoadhesiva para aislamiento ac\u00fastico de elementos r\u00edgidos","_links":{"self":[{"href":"https:\/\/danosa.com\/audal\/wp-json\/wp\/v2\/product\/428","targetHints":{"allow":["GET"]}}],"collection":[{"href":"https:\/\/danosa.com\/audal\/wp-json\/wp\/v2\/product"}],"about":[{"href":"https:\/\/danosa.com\/audal\/wp-json\/wp\/v2\/types\/product"}],"wp:attachment":[{"href":"https:\/\/danosa.com\/audal\/wp-json\/wp\/v2\/media?parent=428"}],"wp:term":[{"taxonomy":"family","embeddable":true,"href":"https:\/\/danosa.com\/audal\/wp-json\/wp\/v2\/family?post=428"},{"taxonomy":"product_notice","embeddable":true,"href":"https:\/\/danosa.com\/audal\/wp-json\/wp\/v2\/product_notice?post=428"},{"taxonomy":"product_icon","embeddable":true,"href":"https:\/\/danosa.com\/audal\/wp-json\/wp\/v2\/product_icon?post=428"},{"taxonomy":"product_application","embeddable":true,"href":"https:\/\/danosa.com\/audal\/wp-json\/wp\/v2\/product_application?post=428"},{"taxonomy":"product_standards_certification","embeddable":true,"href":"https:\/\/danosa.com\/audal\/wp-json\/wp\/v2\/product_standards_certification?post=428"},{"taxonomy":"product_benefits","embeddable":true,"href":"https:\/\/danosa.com\/audal\/wp-json\/wp\/v2\/product_benefits?post=428"},{"taxonomy":"product_support","embeddable":true,"href":"https:\/\/danosa.com\/audal\/wp-json\/wp\/v2\/product_support?post=428"},{"taxonomy":"product_substrate_preparation","embeddable":true,"href":"https:\/\/danosa.com\/audal\/wp-json\/wp\/v2\/product_substrate_preparation?post=428"},{"taxonomy":"product_important_indications","embeddable":true,"href":"https:\/\/danosa.com\/audal\/wp-json\/wp\/v2\/product_important_indications?post=428"},{"taxonomy":"product_conservation","embeddable":true,"href":"https:\/\/danosa.com\/audal\/wp-json\/wp\/v2\/product_conservation?post=428"},{"taxonomy":"product_warning","embeddable":true,"href":"https:\/\/danosa.com\/audal\/wp-json\/wp\/v2\/product_warning?post=428"},{"taxonomy":"product_safety_hygiene","embeddable":true,"href":"https:\/\/danosa.com\/audal\/wp-json\/wp\/v2\/product_safety_hygiene?post=428"},{"taxonomy":"system_certification","embeddable":true,"href":"https:\/\/danosa.com\/audal\/wp-json\/wp\/v2\/system_certification?post=428"},{"taxonomy":"product_maintenance","embeddable":true,"href":"https:\/\/danosa.com\/audal\/wp-json\/wp\/v2\/product_maintenance?post=428"},{"taxonomy":"product_safety_datasheet","embeddable":true,"href":"https:\/\/danosa.com\/audal\/wp-json\/wp\/v2\/product_safety_datasheet?post=428"},{"taxonomy":"filter_special_uses","embeddable":true,"href":"https:\/\/danosa.com\/audal\/wp-json\/wp\/v2\/filter_special_uses?post=428"}],"curies":[{"name":"wp","href":"https:\/\/api.w.org\/{rel}","templated":true}]}}