{"id":405,"date":"2026-03-23T19:52:27","date_gmt":"2026-03-23T19:52:27","guid":{"rendered":"https:\/\/danosa.com\/audal\/product\/esterdan-30-p-elast\/"},"modified":"2026-03-23T19:52:27","modified_gmt":"2026-03-23T19:52:27","slug":"esterdan-30-p-elast","status":"publish","type":"product","link":"https:\/\/danosa.com\/audal\/product\/esterdan-30-p-elast\/","title":{"rendered":"ESTERDAN 30 P ELAST"},"content":{"rendered":"\n<p>L\u00e1mina impermeabilizante bituminosa de superficie no protegida tipo LBM(SBS)-30-FP.<br>Compuesta por una armadura de fieltro de poli\u00e9ster no tejido, recubierta por ambas caras con un m\u00e1stico de bet\u00fan modificado con elast\u00f3meros (SBS), usando como material antiadherente un film pl\u00e1stico por ambas caras.<\/p>\n","protected":false},"excerpt":{"rendered":"<p>Membrana impermeable de bet\u00fan elastom\u00e9rico SBS tipo LBM-30-FP.<\/p>\n","protected":false},"featured_media":0,"parent":0,"menu_order":0,"template":"","meta":{"_acf_changed":false,"_uag_custom_page_level_css":"","site-sidebar-layout":"default","site-content-layout":"","ast-site-content-layout":"default","site-content-style":"default","site-sidebar-style":"default","ast-global-header-display":"","ast-banner-title-visibility":"","ast-main-header-display":"","ast-hfb-above-header-display":"","ast-hfb-below-header-display":"","ast-hfb-mobile-header-display":"","site-post-title":"","ast-breadcrumbs-content":"","ast-featured-img":"","footer-sml-layout":"","ast-disable-related-posts":"","theme-transparent-header-meta":"","adv-header-id-meta":"","stick-header-meta":"","header-above-stick-meta":"","header-main-stick-meta":"","header-below-stick-meta":"","astra-migrate-meta-layouts":"default","ast-page-background-enabled":"default","ast-page-background-meta":{"desktop":{"background-color":"var(--ast-global-color-5)","background-image":"","background-repeat":"repeat","background-position":"center center","background-size":"auto","background-attachment":"scroll","background-type":"","background-media":"","overlay-type":"","overlay-color":"","overlay-opacity":"","overlay-gradient":""},"tablet":{"background-color":"","background-image":"","background-repeat":"repeat","background-position":"center center","background-size":"auto","background-attachment":"scroll","background-type":"","background-media":"","overlay-type":"","overlay-color":"","overlay-opacity":"","overlay-gradient":""},"mobile":{"background-color":"","background-image":"","background-repeat":"repeat","background-position":"center center","background-size":"auto","background-attachment":"scroll","background-type":"","background-media":"","overlay-type":"","overlay-color":"","overlay-opacity":"","overlay-gradient":""}},"ast-content-background-meta":{"desktop":{"background-color":"var(--ast-global-color-4)","background-image":"","background-repeat":"repeat","background-position":"center center","background-size":"auto","background-attachment":"scroll","background-type":"","background-media":"","overlay-type":"","overlay-color":"","overlay-opacity":"","overlay-gradient":""},"tablet":{"background-color":"var(--ast-global-color-4)","background-image":"","background-repeat":"repeat","background-position":"center center","background-size":"auto","background-attachment":"scroll","background-type":"","background-media":"","overlay-type":"","overlay-color":"","overlay-opacity":"","overlay-gradient":""},"mobile":{"background-color":"var(--ast-global-color-4)","background-image":"","background-repeat":"repeat","background-position":"center center","background-size":"auto","background-attachment":"scroll","background-type":"","background-media":"","overlay-type":"","overlay-color":"","overlay-opacity":"","overlay-gradient":""}}},"family":[15,16,17],"product_notice":[92],"product_icon":[],"product_application":[1041,1043,159,1015,390,160,667,668,1040,1042,1044],"product_standards_certification":[1046,1048,161,1016,391,162,671,672,1045,1047,1049],"product_benefits":[433,435,432,431,430,434,393],"product_support":[1051,1050],"product_substrate_preparation":[],"product_important_indications":[410,409,406,1052,403,404,399,424,1053,426,425,414],"product_conservation":[164,150,415,152,1054,149,436,154,416,163,156,124,125],"product_warning":[437],"product_safety_hygiene":[],"system_certification":[1057,1056,427,1055,1037,1058],"product_maintenance":[166],"product_safety_datasheet":[167],"filter_special_uses":[1059],"class_list":["post-405","product","type-product","status-publish","hentry","family-estanqueidad-al-agua","family-impermeabilizacion-bituminosa","family-laminas-bituminosas","product_notice-av-001","product_application-nc003","product_application-nc004","product_application-nc017","product_application-nc020","product_application-nc030","product_application-nc031","product_application-nc034","product_application-nc036","product_application-nc038","product_application-nc046","product_application-nc081","product_standards_certification-nc003","product_standards_certification-nc004","product_standards_certification-nc017","product_standards_certification-nc020","product_standards_certification-nc030","product_standards_certification-nc031","product_standards_certification-nc034","product_standards_certification-nc036","product_standards_certification-nc038","product_standards_certification-nc046","product_standards_certification-nc081","product_benefits-vb047","product_benefits-vb071","product_benefits-vb261","product_benefits-vb264","product_benefits-vb270","product_benefits-vb348","product_benefits-vb370","product_support-s023","product_support-s031","product_important_indications-ii040","product_important_indications-ii042","product_important_indications-ii044","product_important_indications-ii048","product_important_indications-ii072","product_important_indications-ii121","product_important_indications-ii140","product_important_indications-ii180","product_important_indications-ii191","product_important_indications-ii196","product_important_indications-ii220","product_important_indications-ii999","product_conservation-c012","product_conservation-c039","product_conservation-c046","product_conservation-c047","product_conservation-c074","product_conservation-c075","product_conservation-c098","product_conservation-c124","product_conservation-c131","product_conservation-c135","product_conservation-c996","product_conservation-c997","product_conservation-c999","product_warning-p074","system_certification-bba-10-4787-ps1","system_certification-cdc-murs-enterres","system_certification-dit-567r-25","system_certification-dta-5-2-17-2590_v2","system_certification-gbce-laminas-de-betun-modificado-lbm","system_certification-qb55-07-0001","product_maintenance-m02","product_safety_datasheet-fs_lbm","filter_special_uses-estructuras-enterradas"],"acf":[],"uagb_featured_image_src":{"full":false,"thumbnail":false,"medium":false,"medium_large":false,"large":false,"1536x1536":false,"2048x2048":false,"danosa-news-list":false,"danosa-news-medium":false},"uagb_author_info":{"display_name":"admin","author_link":"https:\/\/danosa.com\/audal\/author\/"},"uagb_comment_info":0,"uagb_excerpt":"Membrana impermeable de bet\u00fan elastom\u00e9rico SBS tipo LBM-30-FP.","_links":{"self":[{"href":"https:\/\/danosa.com\/audal\/wp-json\/wp\/v2\/product\/405","targetHints":{"allow":["GET"]}}],"collection":[{"href":"https:\/\/danosa.com\/audal\/wp-json\/wp\/v2\/product"}],"about":[{"href":"https:\/\/danosa.com\/audal\/wp-json\/wp\/v2\/types\/product"}],"wp:attachment":[{"href":"https:\/\/danosa.com\/audal\/wp-json\/wp\/v2\/media?parent=405"}],"wp:term":[{"taxonomy":"family","embeddable":true,"href":"https:\/\/danosa.com\/audal\/wp-json\/wp\/v2\/family?post=405"},{"taxonomy":"product_notice","embeddable":true,"href":"https:\/\/danosa.com\/audal\/wp-json\/wp\/v2\/product_notice?post=405"},{"taxonomy":"product_icon","embeddable":true,"href":"https:\/\/danosa.com\/audal\/wp-json\/wp\/v2\/product_icon?post=405"},{"taxonomy":"product_application","embeddable":true,"href":"https:\/\/danosa.com\/audal\/wp-json\/wp\/v2\/product_application?post=405"},{"taxonomy":"product_standards_certification","embeddable":true,"href":"https:\/\/danosa.com\/audal\/wp-json\/wp\/v2\/product_standards_certification?post=405"},{"taxonomy":"product_benefits","embeddable":true,"href":"https:\/\/danosa.com\/audal\/wp-json\/wp\/v2\/product_benefits?post=405"},{"taxonomy":"product_support","embeddable":true,"href":"https:\/\/danosa.com\/audal\/wp-json\/wp\/v2\/product_support?post=405"},{"taxonomy":"product_substrate_preparation","embeddable":true,"href":"https:\/\/danosa.com\/audal\/wp-json\/wp\/v2\/product_substrate_preparation?post=405"},{"taxonomy":"product_important_indications","embeddable":true,"href":"https:\/\/danosa.com\/audal\/wp-json\/wp\/v2\/product_important_indications?post=405"},{"taxonomy":"product_conservation","embeddable":true,"href":"https:\/\/danosa.com\/audal\/wp-json\/wp\/v2\/product_conservation?post=405"},{"taxonomy":"product_warning","embeddable":true,"href":"https:\/\/danosa.com\/audal\/wp-json\/wp\/v2\/product_warning?post=405"},{"taxonomy":"product_safety_hygiene","embeddable":true,"href":"https:\/\/danosa.com\/audal\/wp-json\/wp\/v2\/product_safety_hygiene?post=405"},{"taxonomy":"system_certification","embeddable":true,"href":"https:\/\/danosa.com\/audal\/wp-json\/wp\/v2\/system_certification?post=405"},{"taxonomy":"product_maintenance","embeddable":true,"href":"https:\/\/danosa.com\/audal\/wp-json\/wp\/v2\/product_maintenance?post=405"},{"taxonomy":"product_safety_datasheet","embeddable":true,"href":"https:\/\/danosa.com\/audal\/wp-json\/wp\/v2\/product_safety_datasheet?post=405"},{"taxonomy":"filter_special_uses","embeddable":true,"href":"https:\/\/danosa.com\/audal\/wp-json\/wp\/v2\/filter_special_uses?post=405"}],"curies":[{"name":"wp","href":"https:\/\/api.w.org\/{rel}","templated":true}]}}