{"id":391,"date":"2026-03-23T19:52:27","date_gmt":"2026-03-23T19:52:27","guid":{"rendered":"https:\/\/danosa.com\/audal\/product\/danopur-lt-gris\/"},"modified":"2026-03-23T19:52:27","modified_gmt":"2026-03-23T19:52:27","slug":"danopur-lt-gris","status":"publish","type":"product","link":"https:\/\/danosa.com\/audal\/product\/danopur-lt-gris\/","title":{"rendered":"DANOPUR LT GRIS"},"content":{"rendered":"\n<p>DANOPUR\u00ae LT Gris es una capa de sellado y acabado de poliuretano monocomponente, alif\u00e1tico, estable a los rayos UV, semirr\u00edgido, con alta resistencia a la abrasi\u00f3n, apta para tr\u00e1nsito peatonal y al tr\u00e1fico rodado, usado como capa final de sellado y acabado para los sistemas DANOPUR y DANOCOAT.<\/p>\n","protected":false},"excerpt":{"rendered":"<p>Membrana l\u00edquida de poliuretano para acabado de sistemas impermeables con DANOPUR HT con tr\u00e1nsito intenso.<\/p>\n","protected":false},"featured_media":0,"parent":0,"menu_order":0,"template":"","meta":{"_acf_changed":false,"_uag_custom_page_level_css":"","site-sidebar-layout":"default","site-content-layout":"","ast-site-content-layout":"default","site-content-style":"default","site-sidebar-style":"default","ast-global-header-display":"","ast-banner-title-visibility":"","ast-main-header-display":"","ast-hfb-above-header-display":"","ast-hfb-below-header-display":"","ast-hfb-mobile-header-display":"","site-post-title":"","ast-breadcrumbs-content":"","ast-featured-img":"","footer-sml-layout":"","ast-disable-related-posts":"","theme-transparent-header-meta":"","adv-header-id-meta":"","stick-header-meta":"","header-above-stick-meta":"","header-main-stick-meta":"","header-below-stick-meta":"","astra-migrate-meta-layouts":"default","ast-page-background-enabled":"default","ast-page-background-meta":{"desktop":{"background-color":"var(--ast-global-color-5)","background-image":"","background-repeat":"repeat","background-position":"center center","background-size":"auto","background-attachment":"scroll","background-type":"","background-media":"","overlay-type":"","overlay-color":"","overlay-opacity":"","overlay-gradient":""},"tablet":{"background-color":"","background-image":"","background-repeat":"repeat","background-position":"center center","background-size":"auto","background-attachment":"scroll","background-type":"","background-media":"","overlay-type":"","overlay-color":"","overlay-opacity":"","overlay-gradient":""},"mobile":{"background-color":"","background-image":"","background-repeat":"repeat","background-position":"center center","background-size":"auto","background-attachment":"scroll","background-type":"","background-media":"","overlay-type":"","overlay-color":"","overlay-opacity":"","overlay-gradient":""}},"ast-content-background-meta":{"desktop":{"background-color":"var(--ast-global-color-4)","background-image":"","background-repeat":"repeat","background-position":"center center","background-size":"auto","background-attachment":"scroll","background-type":"","background-media":"","overlay-type":"","overlay-color":"","overlay-opacity":"","overlay-gradient":""},"tablet":{"background-color":"var(--ast-global-color-4)","background-image":"","background-repeat":"repeat","background-position":"center center","background-size":"auto","background-attachment":"scroll","background-type":"","background-media":"","overlay-type":"","overlay-color":"","overlay-opacity":"","overlay-gradient":""},"mobile":{"background-color":"var(--ast-global-color-4)","background-image":"","background-repeat":"repeat","background-position":"center center","background-size":"auto","background-attachment":"scroll","background-type":"","background-media":"","overlay-type":"","overlay-color":"","overlay-opacity":"","overlay-gradient":""}}},"family":[15,30,38],"product_notice":[92],"product_icon":[],"product_application":[],"product_standards_certification":[],"product_benefits":[939,384,938,936,382,790,579,791,955],"product_support":[956],"product_substrate_preparation":[959,560,559,914,957,194,962,915,964,960,958,961,963],"product_important_indications":[],"product_conservation":[965,944],"product_warning":[949,966,951,950,967,137],"product_safety_hygiene":[266,969,972,971,970,968],"system_certification":[],"product_maintenance":[],"product_safety_datasheet":[973],"filter_special_uses":[],"class_list":["post-391","product","type-product","status-publish","hentry","family-estanqueidad-al-agua","family-impermeabilizacion-liquida","family-revestimentos-de-base-poliuretano","product_notice-av-001","product_benefits-vb103","product_benefits-vb200","product_benefits-vb203","product_benefits-vb230","product_benefits-vb239","product_benefits-vb259","product_benefits-vb429","product_benefits-vb433","product_benefits-vb435","product_support-s065","product_substrate_preparation-ps002","product_substrate_preparation-ps003","product_substrate_preparation-ps007","product_substrate_preparation-ps013","product_substrate_preparation-ps015","product_substrate_preparation-ps024","product_substrate_preparation-ps026","product_substrate_preparation-ps030","product_substrate_preparation-ps032","product_substrate_preparation-ps033","product_substrate_preparation-ps034","product_substrate_preparation-ps037","product_substrate_preparation-ps041","product_conservation-c003","product_conservation-c183","product_warning-p008","product_warning-p013","product_warning-p020","product_warning-p042","product_warning-p046","product_warning-p999","product_safety_hygiene-is001","product_safety_hygiene-is002","product_safety_hygiene-is003","product_safety_hygiene-is004","product_safety_hygiene-is006","product_safety_hygiene-is007","product_safety_datasheet-fs_danopur-lt"],"acf":[],"uagb_featured_image_src":{"full":false,"thumbnail":false,"medium":false,"medium_large":false,"large":false,"1536x1536":false,"2048x2048":false,"danosa-news-list":false,"danosa-news-medium":false},"uagb_author_info":{"display_name":"admin","author_link":"https:\/\/danosa.com\/audal\/author\/"},"uagb_comment_info":0,"uagb_excerpt":"Membrana l\u00edquida de poliuretano para acabado de sistemas impermeables con DANOPUR HT con tr\u00e1nsito intenso.","_links":{"self":[{"href":"https:\/\/danosa.com\/audal\/wp-json\/wp\/v2\/product\/391","targetHints":{"allow":["GET"]}}],"collection":[{"href":"https:\/\/danosa.com\/audal\/wp-json\/wp\/v2\/product"}],"about":[{"href":"https:\/\/danosa.com\/audal\/wp-json\/wp\/v2\/types\/product"}],"wp:attachment":[{"href":"https:\/\/danosa.com\/audal\/wp-json\/wp\/v2\/media?parent=391"}],"wp:term":[{"taxonomy":"family","embeddable":true,"href":"https:\/\/danosa.com\/audal\/wp-json\/wp\/v2\/family?post=391"},{"taxonomy":"product_notice","embeddable":true,"href":"https:\/\/danosa.com\/audal\/wp-json\/wp\/v2\/product_notice?post=391"},{"taxonomy":"product_icon","embeddable":true,"href":"https:\/\/danosa.com\/audal\/wp-json\/wp\/v2\/product_icon?post=391"},{"taxonomy":"product_application","embeddable":true,"href":"https:\/\/danosa.com\/audal\/wp-json\/wp\/v2\/product_application?post=391"},{"taxonomy":"product_standards_certification","embeddable":true,"href":"https:\/\/danosa.com\/audal\/wp-json\/wp\/v2\/product_standards_certification?post=391"},{"taxonomy":"product_benefits","embeddable":true,"href":"https:\/\/danosa.com\/audal\/wp-json\/wp\/v2\/product_benefits?post=391"},{"taxonomy":"product_support","embeddable":true,"href":"https:\/\/danosa.com\/audal\/wp-json\/wp\/v2\/product_support?post=391"},{"taxonomy":"product_substrate_preparation","embeddable":true,"href":"https:\/\/danosa.com\/audal\/wp-json\/wp\/v2\/product_substrate_preparation?post=391"},{"taxonomy":"product_important_indications","embeddable":true,"href":"https:\/\/danosa.com\/audal\/wp-json\/wp\/v2\/product_important_indications?post=391"},{"taxonomy":"product_conservation","embeddable":true,"href":"https:\/\/danosa.com\/audal\/wp-json\/wp\/v2\/product_conservation?post=391"},{"taxonomy":"product_warning","embeddable":true,"href":"https:\/\/danosa.com\/audal\/wp-json\/wp\/v2\/product_warning?post=391"},{"taxonomy":"product_safety_hygiene","embeddable":true,"href":"https:\/\/danosa.com\/audal\/wp-json\/wp\/v2\/product_safety_hygiene?post=391"},{"taxonomy":"system_certification","embeddable":true,"href":"https:\/\/danosa.com\/audal\/wp-json\/wp\/v2\/system_certification?post=391"},{"taxonomy":"product_maintenance","embeddable":true,"href":"https:\/\/danosa.com\/audal\/wp-json\/wp\/v2\/product_maintenance?post=391"},{"taxonomy":"product_safety_datasheet","embeddable":true,"href":"https:\/\/danosa.com\/audal\/wp-json\/wp\/v2\/product_safety_datasheet?post=391"},{"taxonomy":"filter_special_uses","embeddable":true,"href":"https:\/\/danosa.com\/audal\/wp-json\/wp\/v2\/filter_special_uses?post=391"}],"curies":[{"name":"wp","href":"https:\/\/api.w.org\/{rel}","templated":true}]}}