{"id":380,"date":"2026-03-23T19:52:22","date_gmt":"2026-03-23T19:52:22","guid":{"rendered":"https:\/\/danosa.com\/audal\/product\/danopol-hs-1-2-2\/"},"modified":"2026-03-23T19:52:22","modified_gmt":"2026-03-23T19:52:22","slug":"danopol-hs-1-2-2","status":"publish","type":"product","link":"https:\/\/danosa.com\/audal\/product\/danopol-hs-1-2-2\/","title":{"rendered":"DANOPOL+ HS 1.2"},"content":{"rendered":"\n<p>DANOPOL+ HS 1.2 es una l\u00e1mina sint\u00e9tica a base de PVC plastificado, fabricada mediante calandrado y reforzada con una armadura de malla de fibra de poli\u00e9ster. La f\u00f3rmula mejorada de la gama DANOPOL+ confiere una mayor resistencia a las condiciones clim\u00e1ticas y la radiaci\u00f3n UV.<\/p>\n","protected":false},"excerpt":{"rendered":"<p>L\u00e1mina de PVC-P de 1.2 mm reforzada con malla de  poli\u00e9ster con propiedades de resistencia mejorada a las condiciones clim\u00e1ticas y la radiaci\u00f3n UV para impermeabilizaci\u00f3n de cubiertas fijadas mec\u00e1nicamente<\/p>\n","protected":false},"featured_media":0,"parent":0,"menu_order":0,"template":"","meta":{"_acf_changed":false,"_uag_custom_page_level_css":"","site-sidebar-layout":"default","site-content-layout":"","ast-site-content-layout":"default","site-content-style":"default","site-sidebar-style":"default","ast-global-header-display":"","ast-banner-title-visibility":"","ast-main-header-display":"","ast-hfb-above-header-display":"","ast-hfb-below-header-display":"","ast-hfb-mobile-header-display":"","site-post-title":"","ast-breadcrumbs-content":"","ast-featured-img":"","footer-sml-layout":"","ast-disable-related-posts":"","theme-transparent-header-meta":"","adv-header-id-meta":"","stick-header-meta":"","header-above-stick-meta":"","header-main-stick-meta":"","header-below-stick-meta":"","astra-migrate-meta-layouts":"default","ast-page-background-enabled":"default","ast-page-background-meta":{"desktop":{"background-color":"var(--ast-global-color-5)","background-image":"","background-repeat":"repeat","background-position":"center center","background-size":"auto","background-attachment":"scroll","background-type":"","background-media":"","overlay-type":"","overlay-color":"","overlay-opacity":"","overlay-gradient":""},"tablet":{"background-color":"","background-image":"","background-repeat":"repeat","background-position":"center center","background-size":"auto","background-attachment":"scroll","background-type":"","background-media":"","overlay-type":"","overlay-color":"","overlay-opacity":"","overlay-gradient":""},"mobile":{"background-color":"","background-image":"","background-repeat":"repeat","background-position":"center center","background-size":"auto","background-attachment":"scroll","background-type":"","background-media":"","overlay-type":"","overlay-color":"","overlay-opacity":"","overlay-gradient":""}},"ast-content-background-meta":{"desktop":{"background-color":"var(--ast-global-color-4)","background-image":"","background-repeat":"repeat","background-position":"center center","background-size":"auto","background-attachment":"scroll","background-type":"","background-media":"","overlay-type":"","overlay-color":"","overlay-opacity":"","overlay-gradient":""},"tablet":{"background-color":"var(--ast-global-color-4)","background-image":"","background-repeat":"repeat","background-position":"center center","background-size":"auto","background-attachment":"scroll","background-type":"","background-media":"","overlay-type":"","overlay-color":"","overlay-opacity":"","overlay-gradient":""},"mobile":{"background-color":"var(--ast-global-color-4)","background-image":"","background-repeat":"repeat","background-position":"center center","background-size":"auto","background-attachment":"scroll","background-type":"","background-media":"","overlay-type":"","overlay-color":"","overlay-opacity":"","overlay-gradient":""}}},"family":[15,22,23],"product_notice":[92],"product_icon":[],"product_application":[797,800,796,798,795,644,390,160,799,827],"product_standards_certification":[803,806,802,804,801,649,391,162,805,828],"product_benefits":[855,622,715,139,788,431,830,854,820,789,393,822],"product_support":[],"product_substrate_preparation":[],"product_important_indications":[447,446,815,814,148,145,403,143,146,816,144,147,405,142],"product_conservation":[150,152,149,153,154,155,442,156,124,125],"product_warning":[],"product_safety_hygiene":[],"system_certification":[157,786,794,819,817],"product_maintenance":[],"product_safety_datasheet":[781],"filter_special_uses":[],"class_list":["post-380","product","type-product","status-publish","hentry","family-estanqueidad-al-agua","family-impermeabilizacion-sintetica","family-laminas-pvc-malla-de-poliester","product_notice-av-001","product_application-nc011","product_application-nc012","product_application-nc015","product_application-nc016","product_application-nc018","product_application-nc019","product_application-nc030","product_application-nc031","product_application-nc042","product_application-nc051","product_standards_certification-nc011","product_standards_certification-nc012","product_standards_certification-nc015","product_standards_certification-nc016","product_standards_certification-nc018","product_standards_certification-nc019","product_standards_certification-nc030","product_standards_certification-nc031","product_standards_certification-nc042","product_standards_certification-nc051","product_benefits-vb001","product_benefits-vb158","product_benefits-vb159","product_benefits-vb252","product_benefits-vb254","product_benefits-vb264","product_benefits-vb308","product_benefits-vb332","product_benefits-vb344","product_benefits-vb346","product_benefits-vb370","product_benefits-vb395","product_important_indications-ii005","product_important_indications-ii006","product_important_indications-ii023","product_important_indications-ii031","product_important_indications-ii035","product_important_indications-ii056","product_important_indications-ii072","product_important_indications-ii075","product_important_indications-ii086","product_important_indications-ii096","product_important_indications-ii151","product_important_indications-ii192","product_important_indications-ii193","product_important_indications-ii194","product_conservation-c039","product_conservation-c047","product_conservation-c075","product_conservation-c079","product_conservation-c124","product_conservation-c125","product_conservation-c146","product_conservation-c996","product_conservation-c997","product_conservation-c999","system_certification-bba-14-5118-1","system_certification-epd-s-p-00691","system_certification-ete-10-0054","system_certification-fdes-4-4872021","system_certification-gbce-laminas-de-pvc-para-impermeabilizacion","product_safety_datasheet-fs_pvc"],"acf":[],"uagb_featured_image_src":{"full":false,"thumbnail":false,"medium":false,"medium_large":false,"large":false,"1536x1536":false,"2048x2048":false,"danosa-news-list":false,"danosa-news-medium":false},"uagb_author_info":{"display_name":"admin","author_link":"https:\/\/danosa.com\/audal\/author\/"},"uagb_comment_info":0,"uagb_excerpt":"L\u00e1mina de PVC-P de 1.2 mm reforzada con malla de poli\u00e9ster con propiedades de resistencia mejorada a las condiciones clim\u00e1ticas y la radiaci\u00f3n UV para impermeabilizaci\u00f3n de cubiertas fijadas mec\u00e1nicamente","_links":{"self":[{"href":"https:\/\/danosa.com\/audal\/wp-json\/wp\/v2\/product\/380","targetHints":{"allow":["GET"]}}],"collection":[{"href":"https:\/\/danosa.com\/audal\/wp-json\/wp\/v2\/product"}],"about":[{"href":"https:\/\/danosa.com\/audal\/wp-json\/wp\/v2\/types\/product"}],"wp:attachment":[{"href":"https:\/\/danosa.com\/audal\/wp-json\/wp\/v2\/media?parent=380"}],"wp:term":[{"taxonomy":"family","embeddable":true,"href":"https:\/\/danosa.com\/audal\/wp-json\/wp\/v2\/family?post=380"},{"taxonomy":"product_notice","embeddable":true,"href":"https:\/\/danosa.com\/audal\/wp-json\/wp\/v2\/product_notice?post=380"},{"taxonomy":"product_icon","embeddable":true,"href":"https:\/\/danosa.com\/audal\/wp-json\/wp\/v2\/product_icon?post=380"},{"taxonomy":"product_application","embeddable":true,"href":"https:\/\/danosa.com\/audal\/wp-json\/wp\/v2\/product_application?post=380"},{"taxonomy":"product_standards_certification","embeddable":true,"href":"https:\/\/danosa.com\/audal\/wp-json\/wp\/v2\/product_standards_certification?post=380"},{"taxonomy":"product_benefits","embeddable":true,"href":"https:\/\/danosa.com\/audal\/wp-json\/wp\/v2\/product_benefits?post=380"},{"taxonomy":"product_support","embeddable":true,"href":"https:\/\/danosa.com\/audal\/wp-json\/wp\/v2\/product_support?post=380"},{"taxonomy":"product_substrate_preparation","embeddable":true,"href":"https:\/\/danosa.com\/audal\/wp-json\/wp\/v2\/product_substrate_preparation?post=380"},{"taxonomy":"product_important_indications","embeddable":true,"href":"https:\/\/danosa.com\/audal\/wp-json\/wp\/v2\/product_important_indications?post=380"},{"taxonomy":"product_conservation","embeddable":true,"href":"https:\/\/danosa.com\/audal\/wp-json\/wp\/v2\/product_conservation?post=380"},{"taxonomy":"product_warning","embeddable":true,"href":"https:\/\/danosa.com\/audal\/wp-json\/wp\/v2\/product_warning?post=380"},{"taxonomy":"product_safety_hygiene","embeddable":true,"href":"https:\/\/danosa.com\/audal\/wp-json\/wp\/v2\/product_safety_hygiene?post=380"},{"taxonomy":"system_certification","embeddable":true,"href":"https:\/\/danosa.com\/audal\/wp-json\/wp\/v2\/system_certification?post=380"},{"taxonomy":"product_maintenance","embeddable":true,"href":"https:\/\/danosa.com\/audal\/wp-json\/wp\/v2\/product_maintenance?post=380"},{"taxonomy":"product_safety_datasheet","embeddable":true,"href":"https:\/\/danosa.com\/audal\/wp-json\/wp\/v2\/product_safety_datasheet?post=380"},{"taxonomy":"filter_special_uses","embeddable":true,"href":"https:\/\/danosa.com\/audal\/wp-json\/wp\/v2\/filter_special_uses?post=380"}],"curies":[{"name":"wp","href":"https:\/\/api.w.org\/{rel}","templated":true}]}}