{"id":379,"date":"2026-03-23T19:52:22","date_gmt":"2026-03-23T19:52:22","guid":{"rendered":"https:\/\/danosa.com\/audal\/product\/danopol-fv-1-5\/"},"modified":"2026-03-23T19:52:22","modified_gmt":"2026-03-23T19:52:22","slug":"danopol-fv-1-5","status":"publish","type":"product","link":"https:\/\/danosa.com\/audal\/product\/danopol-fv-1-5\/","title":{"rendered":"DANOPOL+ FV 1.5"},"content":{"rendered":"\n<p>L\u00e1mina sint\u00e9tica a base de PVC plastificado, fabricada mediante calandrado y reforzada con velo de fibra de vidrio. La f\u00f3rmula mejorada de la gama DANOPOL+ confiere una mayor resistencia a las condiciones clim\u00e1ticas y la radiaci\u00f3n UV.<\/p>\n","protected":false},"excerpt":{"rendered":"<p>L\u00e1mina sint\u00e9tica a base de PVC plastificado reforzada con una malla de fibra de vidrio con propiedades de resistencia mejorada a las condiciones clim\u00e1ticas y la radiaci\u00f3n UV<\/p>\n","protected":false},"featured_media":0,"parent":0,"menu_order":0,"template":"","meta":{"_acf_changed":false,"_uag_custom_page_level_css":"","site-sidebar-layout":"default","site-content-layout":"","ast-site-content-layout":"default","site-content-style":"default","site-sidebar-style":"default","ast-global-header-display":"","ast-banner-title-visibility":"","ast-main-header-display":"","ast-hfb-above-header-display":"","ast-hfb-below-header-display":"","ast-hfb-mobile-header-display":"","site-post-title":"","ast-breadcrumbs-content":"","ast-featured-img":"","footer-sml-layout":"","ast-disable-related-posts":"","theme-transparent-header-meta":"","adv-header-id-meta":"","stick-header-meta":"","header-above-stick-meta":"","header-main-stick-meta":"","header-below-stick-meta":"","astra-migrate-meta-layouts":"default","ast-page-background-enabled":"default","ast-page-background-meta":{"desktop":{"background-color":"var(--ast-global-color-5)","background-image":"","background-repeat":"repeat","background-position":"center center","background-size":"auto","background-attachment":"scroll","background-type":"","background-media":"","overlay-type":"","overlay-color":"","overlay-opacity":"","overlay-gradient":""},"tablet":{"background-color":"","background-image":"","background-repeat":"repeat","background-position":"center center","background-size":"auto","background-attachment":"scroll","background-type":"","background-media":"","overlay-type":"","overlay-color":"","overlay-opacity":"","overlay-gradient":""},"mobile":{"background-color":"","background-image":"","background-repeat":"repeat","background-position":"center center","background-size":"auto","background-attachment":"scroll","background-type":"","background-media":"","overlay-type":"","overlay-color":"","overlay-opacity":"","overlay-gradient":""}},"ast-content-background-meta":{"desktop":{"background-color":"var(--ast-global-color-4)","background-image":"","background-repeat":"repeat","background-position":"center center","background-size":"auto","background-attachment":"scroll","background-type":"","background-media":"","overlay-type":"","overlay-color":"","overlay-opacity":"","overlay-gradient":""},"tablet":{"background-color":"var(--ast-global-color-4)","background-image":"","background-repeat":"repeat","background-position":"center center","background-size":"auto","background-attachment":"scroll","background-type":"","background-media":"","overlay-type":"","overlay-color":"","overlay-opacity":"","overlay-gradient":""},"mobile":{"background-color":"var(--ast-global-color-4)","background-image":"","background-repeat":"repeat","background-position":"center center","background-size":"auto","background-attachment":"scroll","background-type":"","background-media":"","overlay-type":"","overlay-color":"","overlay-opacity":"","overlay-gradient":""}}},"family":[15,22,25],"product_notice":[92],"product_icon":[],"product_application":[],"product_standards_certification":[],"product_benefits":[],"product_support":[],"product_substrate_preparation":[],"product_important_indications":[],"product_conservation":[],"product_warning":[],"product_safety_hygiene":[],"system_certification":[158,786,853,817],"product_maintenance":[],"product_safety_datasheet":[781],"filter_special_uses":[],"class_list":["post-379","product","type-product","status-publish","hentry","family-estanqueidad-al-agua","family-impermeabilizacion-sintetica","family-laminas-pvc-velo-de-vidrio","product_notice-av-001","system_certification-bba-14-5118-2","system_certification-epd-s-p-00691","system_certification-fdes-4-4882021","system_certification-gbce-laminas-de-pvc-para-impermeabilizacion","product_safety_datasheet-fs_pvc"],"acf":[],"uagb_featured_image_src":{"full":false,"thumbnail":false,"medium":false,"medium_large":false,"large":false,"1536x1536":false,"2048x2048":false,"danosa-news-list":false,"danosa-news-medium":false},"uagb_author_info":{"display_name":"admin","author_link":"https:\/\/danosa.com\/audal\/author\/"},"uagb_comment_info":0,"uagb_excerpt":"L\u00e1mina sint\u00e9tica a base de PVC plastificado reforzada con una malla de fibra de vidrio con propiedades de resistencia mejorada a las condiciones clim\u00e1ticas y la radiaci\u00f3n UV","_links":{"self":[{"href":"https:\/\/danosa.com\/audal\/wp-json\/wp\/v2\/product\/379","targetHints":{"allow":["GET"]}}],"collection":[{"href":"https:\/\/danosa.com\/audal\/wp-json\/wp\/v2\/product"}],"about":[{"href":"https:\/\/danosa.com\/audal\/wp-json\/wp\/v2\/types\/product"}],"wp:attachment":[{"href":"https:\/\/danosa.com\/audal\/wp-json\/wp\/v2\/media?parent=379"}],"wp:term":[{"taxonomy":"family","embeddable":true,"href":"https:\/\/danosa.com\/audal\/wp-json\/wp\/v2\/family?post=379"},{"taxonomy":"product_notice","embeddable":true,"href":"https:\/\/danosa.com\/audal\/wp-json\/wp\/v2\/product_notice?post=379"},{"taxonomy":"product_icon","embeddable":true,"href":"https:\/\/danosa.com\/audal\/wp-json\/wp\/v2\/product_icon?post=379"},{"taxonomy":"product_application","embeddable":true,"href":"https:\/\/danosa.com\/audal\/wp-json\/wp\/v2\/product_application?post=379"},{"taxonomy":"product_standards_certification","embeddable":true,"href":"https:\/\/danosa.com\/audal\/wp-json\/wp\/v2\/product_standards_certification?post=379"},{"taxonomy":"product_benefits","embeddable":true,"href":"https:\/\/danosa.com\/audal\/wp-json\/wp\/v2\/product_benefits?post=379"},{"taxonomy":"product_support","embeddable":true,"href":"https:\/\/danosa.com\/audal\/wp-json\/wp\/v2\/product_support?post=379"},{"taxonomy":"product_substrate_preparation","embeddable":true,"href":"https:\/\/danosa.com\/audal\/wp-json\/wp\/v2\/product_substrate_preparation?post=379"},{"taxonomy":"product_important_indications","embeddable":true,"href":"https:\/\/danosa.com\/audal\/wp-json\/wp\/v2\/product_important_indications?post=379"},{"taxonomy":"product_conservation","embeddable":true,"href":"https:\/\/danosa.com\/audal\/wp-json\/wp\/v2\/product_conservation?post=379"},{"taxonomy":"product_warning","embeddable":true,"href":"https:\/\/danosa.com\/audal\/wp-json\/wp\/v2\/product_warning?post=379"},{"taxonomy":"product_safety_hygiene","embeddable":true,"href":"https:\/\/danosa.com\/audal\/wp-json\/wp\/v2\/product_safety_hygiene?post=379"},{"taxonomy":"system_certification","embeddable":true,"href":"https:\/\/danosa.com\/audal\/wp-json\/wp\/v2\/system_certification?post=379"},{"taxonomy":"product_maintenance","embeddable":true,"href":"https:\/\/danosa.com\/audal\/wp-json\/wp\/v2\/product_maintenance?post=379"},{"taxonomy":"product_safety_datasheet","embeddable":true,"href":"https:\/\/danosa.com\/audal\/wp-json\/wp\/v2\/product_safety_datasheet?post=379"},{"taxonomy":"filter_special_uses","embeddable":true,"href":"https:\/\/danosa.com\/audal\/wp-json\/wp\/v2\/filter_special_uses?post=379"}],"curies":[{"name":"wp","href":"https:\/\/api.w.org\/{rel}","templated":true}]}}