{"id":363,"date":"2026-03-23T19:52:18","date_gmt":"2026-03-23T19:52:18","guid":{"rendered":"https:\/\/danosa.com\/audal\/product\/danolosa\/"},"modified":"2026-03-23T19:52:18","modified_gmt":"2026-03-23T19:52:18","slug":"danolosa","status":"publish","type":"product","link":"https:\/\/danosa.com\/audal\/product\/danolosa\/","title":{"rendered":"DANOLOSA"},"content":{"rendered":"\n<p>DANOLOSA Gris es una baldosa aislante constituida por un pavimento de hormig\u00f3n poroso, que act\u00faa como protecci\u00f3n mec\u00e1nica de una base aislante de poliestireno extruido, resultando una superficie practicable resistente y aislada t\u00e9rmicamente.<\/p>\n","protected":false},"excerpt":{"rendered":"<p>Losa de hormig\u00f3n poroso con base de poliestireno extruido mecanizado<\/p>\n","protected":false},"featured_media":0,"parent":0,"menu_order":0,"template":"","meta":{"_acf_changed":false,"_uag_custom_page_level_css":"","site-sidebar-layout":"default","site-content-layout":"","ast-site-content-layout":"default","site-content-style":"default","site-sidebar-style":"default","ast-global-header-display":"","ast-banner-title-visibility":"","ast-main-header-display":"","ast-hfb-above-header-display":"","ast-hfb-below-header-display":"","ast-hfb-mobile-header-display":"","site-post-title":"","ast-breadcrumbs-content":"","ast-featured-img":"","footer-sml-layout":"","ast-disable-related-posts":"","theme-transparent-header-meta":"","adv-header-id-meta":"","stick-header-meta":"","header-above-stick-meta":"","header-main-stick-meta":"","header-below-stick-meta":"","astra-migrate-meta-layouts":"default","ast-page-background-enabled":"default","ast-page-background-meta":{"desktop":{"background-color":"var(--ast-global-color-5)","background-image":"","background-repeat":"repeat","background-position":"center center","background-size":"auto","background-attachment":"scroll","background-type":"","background-media":"","overlay-type":"","overlay-color":"","overlay-opacity":"","overlay-gradient":""},"tablet":{"background-color":"","background-image":"","background-repeat":"repeat","background-position":"center center","background-size":"auto","background-attachment":"scroll","background-type":"","background-media":"","overlay-type":"","overlay-color":"","overlay-opacity":"","overlay-gradient":""},"mobile":{"background-color":"","background-image":"","background-repeat":"repeat","background-position":"center center","background-size":"auto","background-attachment":"scroll","background-type":"","background-media":"","overlay-type":"","overlay-color":"","overlay-opacity":"","overlay-gradient":""}},"ast-content-background-meta":{"desktop":{"background-color":"var(--ast-global-color-4)","background-image":"","background-repeat":"repeat","background-position":"center center","background-size":"auto","background-attachment":"scroll","background-type":"","background-media":"","overlay-type":"","overlay-color":"","overlay-opacity":"","overlay-gradient":""},"tablet":{"background-color":"var(--ast-global-color-4)","background-image":"","background-repeat":"repeat","background-position":"center center","background-size":"auto","background-attachment":"scroll","background-type":"","background-media":"","overlay-type":"","overlay-color":"","overlay-opacity":"","overlay-gradient":""},"mobile":{"background-color":"var(--ast-global-color-4)","background-image":"","background-repeat":"repeat","background-position":"center center","background-size":"auto","background-attachment":"scroll","background-type":"","background-media":"","overlay-type":"","overlay-color":"","overlay-opacity":"","overlay-gradient":""}}},"family":[73,75],"product_notice":[92],"product_icon":[],"product_application":[667,669,749,750],"product_standards_certification":[671,673,751,752],"product_benefits":[761,754,753,758,759,756,755,757,760],"product_support":[],"product_substrate_preparation":[],"product_important_indications":[764,763,765,762,766,767,768],"product_conservation":[772,481,771,770,769],"product_warning":[],"product_safety_hygiene":[],"system_certification":[773],"product_maintenance":[],"product_safety_datasheet":[774],"filter_special_uses":[],"class_list":["post-363","product","type-product","status-publish","hentry","family-ahorro-de-energia","family-losa-aislante","product_notice-av-001","product_application-nc034","product_application-nc035","product_application-nc057","product_application-nc077","product_standards_certification-nc034","product_standards_certification-nc035","product_standards_certification-nc057","product_standards_certification-nc077","product_benefits-vb032","product_benefits-vb042","product_benefits-vb073","product_benefits-vb248","product_benefits-vb355","product_benefits-vb373","product_benefits-vb411","product_benefits-vb455","product_benefits-vb459","product_important_indications-ii063","product_important_indications-ii119","product_important_indications-ii139","product_important_indications-ii227","product_important_indications-ii260","product_important_indications-ii261","product_important_indications-ii262","product_conservation-c087","product_conservation-c101","product_conservation-c104","product_conservation-c117","product_conservation-c150","system_certification-ete-18-0328","product_safety_datasheet-fs_danolosa"],"acf":[],"uagb_featured_image_src":{"full":false,"thumbnail":false,"medium":false,"medium_large":false,"large":false,"1536x1536":false,"2048x2048":false,"danosa-news-list":false,"danosa-news-medium":false},"uagb_author_info":{"display_name":"admin","author_link":"https:\/\/danosa.com\/audal\/author\/"},"uagb_comment_info":0,"uagb_excerpt":"Losa de hormig\u00f3n poroso con base de poliestireno extruido mecanizado","_links":{"self":[{"href":"https:\/\/danosa.com\/audal\/wp-json\/wp\/v2\/product\/363","targetHints":{"allow":["GET"]}}],"collection":[{"href":"https:\/\/danosa.com\/audal\/wp-json\/wp\/v2\/product"}],"about":[{"href":"https:\/\/danosa.com\/audal\/wp-json\/wp\/v2\/types\/product"}],"wp:attachment":[{"href":"https:\/\/danosa.com\/audal\/wp-json\/wp\/v2\/media?parent=363"}],"wp:term":[{"taxonomy":"family","embeddable":true,"href":"https:\/\/danosa.com\/audal\/wp-json\/wp\/v2\/family?post=363"},{"taxonomy":"product_notice","embeddable":true,"href":"https:\/\/danosa.com\/audal\/wp-json\/wp\/v2\/product_notice?post=363"},{"taxonomy":"product_icon","embeddable":true,"href":"https:\/\/danosa.com\/audal\/wp-json\/wp\/v2\/product_icon?post=363"},{"taxonomy":"product_application","embeddable":true,"href":"https:\/\/danosa.com\/audal\/wp-json\/wp\/v2\/product_application?post=363"},{"taxonomy":"product_standards_certification","embeddable":true,"href":"https:\/\/danosa.com\/audal\/wp-json\/wp\/v2\/product_standards_certification?post=363"},{"taxonomy":"product_benefits","embeddable":true,"href":"https:\/\/danosa.com\/audal\/wp-json\/wp\/v2\/product_benefits?post=363"},{"taxonomy":"product_support","embeddable":true,"href":"https:\/\/danosa.com\/audal\/wp-json\/wp\/v2\/product_support?post=363"},{"taxonomy":"product_substrate_preparation","embeddable":true,"href":"https:\/\/danosa.com\/audal\/wp-json\/wp\/v2\/product_substrate_preparation?post=363"},{"taxonomy":"product_important_indications","embeddable":true,"href":"https:\/\/danosa.com\/audal\/wp-json\/wp\/v2\/product_important_indications?post=363"},{"taxonomy":"product_conservation","embeddable":true,"href":"https:\/\/danosa.com\/audal\/wp-json\/wp\/v2\/product_conservation?post=363"},{"taxonomy":"product_warning","embeddable":true,"href":"https:\/\/danosa.com\/audal\/wp-json\/wp\/v2\/product_warning?post=363"},{"taxonomy":"product_safety_hygiene","embeddable":true,"href":"https:\/\/danosa.com\/audal\/wp-json\/wp\/v2\/product_safety_hygiene?post=363"},{"taxonomy":"system_certification","embeddable":true,"href":"https:\/\/danosa.com\/audal\/wp-json\/wp\/v2\/system_certification?post=363"},{"taxonomy":"product_maintenance","embeddable":true,"href":"https:\/\/danosa.com\/audal\/wp-json\/wp\/v2\/product_maintenance?post=363"},{"taxonomy":"product_safety_datasheet","embeddable":true,"href":"https:\/\/danosa.com\/audal\/wp-json\/wp\/v2\/product_safety_datasheet?post=363"},{"taxonomy":"filter_special_uses","embeddable":true,"href":"https:\/\/danosa.com\/audal\/wp-json\/wp\/v2\/filter_special_uses?post=363"}],"curies":[{"name":"wp","href":"https:\/\/api.w.org\/{rel}","templated":true}]}}