{"id":347,"date":"2026-03-23T19:52:13","date_gmt":"2026-03-23T19:52:13","guid":{"rendered":"https:\/\/danosa.com\/audal\/product\/danocret-protect-500-flex\/"},"modified":"2026-03-23T19:52:13","modified_gmt":"2026-03-23T19:52:13","slug":"danocret-protect-500-flex","status":"publish","type":"product","link":"https:\/\/danosa.com\/audal\/product\/danocret-protect-500-flex\/","title":{"rendered":"DANOCRET PROTECT 500 FLEX"},"content":{"rendered":"\n<p>DANOCRET Protect 500 Flex es un membrana cementosa PCC flexible e impermeable bicomponente para la protecci\u00f3n superficial e impermeabilizaci\u00f3n del hormig\u00f3n y el mortero. Formulado a base de conglomerantes hidr\u00e1ulicos, \u00e1ridos seleccionados y pol\u00edmeros que le proporcionan una excelente elasticidad, adherencia y capacidad impermeabilizante.<\/p>\n","protected":false},"excerpt":{"rendered":"<p>Membrana cementosa flexible bicomponente para impermeabilizaci\u00f3n de dep\u00f3sitos de agua potable, fosos de ascensor, piscinas, terrazas, puntos singulares y protecci\u00f3n superficial del hormig\u00f3n<\/p>\n","protected":false},"featured_media":0,"parent":0,"menu_order":0,"template":"","meta":{"_acf_changed":false,"_uag_custom_page_level_css":"","site-sidebar-layout":"default","site-content-layout":"","ast-site-content-layout":"default","site-content-style":"default","site-sidebar-style":"default","ast-global-header-display":"","ast-banner-title-visibility":"","ast-main-header-display":"","ast-hfb-above-header-display":"","ast-hfb-below-header-display":"","ast-hfb-mobile-header-display":"","site-post-title":"","ast-breadcrumbs-content":"","ast-featured-img":"","footer-sml-layout":"","ast-disable-related-posts":"","theme-transparent-header-meta":"","adv-header-id-meta":"","stick-header-meta":"","header-above-stick-meta":"","header-main-stick-meta":"","header-below-stick-meta":"","astra-migrate-meta-layouts":"default","ast-page-background-enabled":"default","ast-page-background-meta":{"desktop":{"background-color":"var(--ast-global-color-5)","background-image":"","background-repeat":"repeat","background-position":"center center","background-size":"auto","background-attachment":"scroll","background-type":"","background-media":"","overlay-type":"","overlay-color":"","overlay-opacity":"","overlay-gradient":""},"tablet":{"background-color":"","background-image":"","background-repeat":"repeat","background-position":"center center","background-size":"auto","background-attachment":"scroll","background-type":"","background-media":"","overlay-type":"","overlay-color":"","overlay-opacity":"","overlay-gradient":""},"mobile":{"background-color":"","background-image":"","background-repeat":"repeat","background-position":"center center","background-size":"auto","background-attachment":"scroll","background-type":"","background-media":"","overlay-type":"","overlay-color":"","overlay-opacity":"","overlay-gradient":""}},"ast-content-background-meta":{"desktop":{"background-color":"var(--ast-global-color-4)","background-image":"","background-repeat":"repeat","background-position":"center center","background-size":"auto","background-attachment":"scroll","background-type":"","background-media":"","overlay-type":"","overlay-color":"","overlay-opacity":"","overlay-gradient":""},"tablet":{"background-color":"var(--ast-global-color-4)","background-image":"","background-repeat":"repeat","background-position":"center center","background-size":"auto","background-attachment":"scroll","background-type":"","background-media":"","overlay-type":"","overlay-color":"","overlay-opacity":"","overlay-gradient":""},"mobile":{"background-color":"var(--ast-global-color-4)","background-image":"","background-repeat":"repeat","background-position":"center center","background-size":"auto","background-attachment":"scroll","background-type":"","background-media":"","overlay-type":"","overlay-color":"","overlay-opacity":"","overlay-gradient":""}}},"family":[15,41,49,63],"product_notice":[92],"product_icon":[],"product_application":[],"product_standards_certification":[],"product_benefits":[275,582,599,578,601,610,580,581,613,612,324,579,575,611],"product_support":[174,327,328,584],"product_substrate_preparation":[],"product_important_indications":[],"product_conservation":[614,570],"product_warning":[602,589,590,591,593,592,586,587,585],"product_safety_hygiene":[],"system_certification":[616,594,605,615],"product_maintenance":[],"product_safety_datasheet":[617,618],"filter_special_uses":[],"class_list":["post-347","product","type-product","status-publish","hentry","family-estanqueidad-al-agua","family-impermeabilizacion-cementosa","family-morteros","family-morteros-de-impermeabilizacion","product_notice-av-001","product_benefits-vb005","product_benefits-vb041","product_benefits-vb062","product_benefits-vb091","product_benefits-vb113","product_benefits-vb151","product_benefits-vb192","product_benefits-vb193","product_benefits-vb244_2","product_benefits-vb252_2","product_benefits-vb273","product_benefits-vb429","product_benefits-vb469","product_benefits-vb603_","product_support-s027","product_support-s036","product_support-s058","product_support-s060","product_conservation-c020","product_conservation-c106","product_warning-p026","product_warning-p039","product_warning-p047","product_warning-p069","product_warning-p089","product_warning-p117","product_warning-p124","product_warning-p130","product_warning-p131","system_certification-14891_dpf2c","system_certification-epd-s-p-03332","system_certification-mszu_2023","system_certification-rd_3-2023_danocret_protect_500_flex","product_safety_datasheet-fs_danocret_protect_500_flex-_comp_a","product_safety_datasheet-fs_danocret_protect_500_flex-_comp_b"],"acf":[],"uagb_featured_image_src":{"full":false,"thumbnail":false,"medium":false,"medium_large":false,"large":false,"1536x1536":false,"2048x2048":false,"danosa-news-list":false,"danosa-news-medium":false},"uagb_author_info":{"display_name":"admin","author_link":"https:\/\/danosa.com\/audal\/author\/"},"uagb_comment_info":0,"uagb_excerpt":"Membrana cementosa flexible bicomponente para impermeabilizaci\u00f3n de dep\u00f3sitos de agua potable, fosos de ascensor, piscinas, terrazas, puntos singulares y protecci\u00f3n superficial del hormig\u00f3n","_links":{"self":[{"href":"https:\/\/danosa.com\/audal\/wp-json\/wp\/v2\/product\/347","targetHints":{"allow":["GET"]}}],"collection":[{"href":"https:\/\/danosa.com\/audal\/wp-json\/wp\/v2\/product"}],"about":[{"href":"https:\/\/danosa.com\/audal\/wp-json\/wp\/v2\/types\/product"}],"wp:attachment":[{"href":"https:\/\/danosa.com\/audal\/wp-json\/wp\/v2\/media?parent=347"}],"wp:term":[{"taxonomy":"family","embeddable":true,"href":"https:\/\/danosa.com\/audal\/wp-json\/wp\/v2\/family?post=347"},{"taxonomy":"product_notice","embeddable":true,"href":"https:\/\/danosa.com\/audal\/wp-json\/wp\/v2\/product_notice?post=347"},{"taxonomy":"product_icon","embeddable":true,"href":"https:\/\/danosa.com\/audal\/wp-json\/wp\/v2\/product_icon?post=347"},{"taxonomy":"product_application","embeddable":true,"href":"https:\/\/danosa.com\/audal\/wp-json\/wp\/v2\/product_application?post=347"},{"taxonomy":"product_standards_certification","embeddable":true,"href":"https:\/\/danosa.com\/audal\/wp-json\/wp\/v2\/product_standards_certification?post=347"},{"taxonomy":"product_benefits","embeddable":true,"href":"https:\/\/danosa.com\/audal\/wp-json\/wp\/v2\/product_benefits?post=347"},{"taxonomy":"product_support","embeddable":true,"href":"https:\/\/danosa.com\/audal\/wp-json\/wp\/v2\/product_support?post=347"},{"taxonomy":"product_substrate_preparation","embeddable":true,"href":"https:\/\/danosa.com\/audal\/wp-json\/wp\/v2\/product_substrate_preparation?post=347"},{"taxonomy":"product_important_indications","embeddable":true,"href":"https:\/\/danosa.com\/audal\/wp-json\/wp\/v2\/product_important_indications?post=347"},{"taxonomy":"product_conservation","embeddable":true,"href":"https:\/\/danosa.com\/audal\/wp-json\/wp\/v2\/product_conservation?post=347"},{"taxonomy":"product_warning","embeddable":true,"href":"https:\/\/danosa.com\/audal\/wp-json\/wp\/v2\/product_warning?post=347"},{"taxonomy":"product_safety_hygiene","embeddable":true,"href":"https:\/\/danosa.com\/audal\/wp-json\/wp\/v2\/product_safety_hygiene?post=347"},{"taxonomy":"system_certification","embeddable":true,"href":"https:\/\/danosa.com\/audal\/wp-json\/wp\/v2\/system_certification?post=347"},{"taxonomy":"product_maintenance","embeddable":true,"href":"https:\/\/danosa.com\/audal\/wp-json\/wp\/v2\/product_maintenance?post=347"},{"taxonomy":"product_safety_datasheet","embeddable":true,"href":"https:\/\/danosa.com\/audal\/wp-json\/wp\/v2\/product_safety_datasheet?post=347"},{"taxonomy":"filter_special_uses","embeddable":true,"href":"https:\/\/danosa.com\/audal\/wp-json\/wp\/v2\/filter_special_uses?post=347"}],"curies":[{"name":"wp","href":"https:\/\/api.w.org\/{rel}","templated":true}]}}