{"id":304,"date":"2026-03-23T19:52:05","date_gmt":"2026-03-23T19:52:05","guid":{"rendered":"https:\/\/danosa.com\/audal\/product\/argotec-fixtherm-elite\/"},"modified":"2026-03-23T19:52:05","modified_gmt":"2026-03-23T19:52:05","slug":"argotec-fixtherm-elite","status":"publish","type":"product","link":"https:\/\/danosa.com\/audal\/product\/argotec-fixtherm-elite\/","title":{"rendered":"ARGOTEC FIXTHERM ELITE"},"content":{"rendered":"\n<p>ARGOTEC\u00ae FIXTHERM \u00c9LITE es un mortero pol\u00edmero modificado PCC y de retracci\u00f3n compensada para la adhesi\u00f3n y fijaci\u00f3n de placas aislantes de poliestireno expandido y lana mineral, para el sistema de aislamiento t\u00e9rmico por el exterior (SATE\/ETIC). ARGOTEC\u00ae FIXTHERM \u00c9LITE est\u00e1 formulado a base de cemento portland, \u00e1ridos seleccionados, aditivos org\u00e1nicos, fibras y resinas sint\u00e9ticas que mejoran la trabajabilidad, retenci\u00f3n de agua, tiempo abierto y adherencia del mortero.<\/p>\n","protected":false},"excerpt":{"rendered":"<p>Mortero de fijaci\u00f3n y revestimiento de placas de EPS y MW para sistema SATE<\/p>\n","protected":false},"featured_media":0,"parent":0,"menu_order":0,"template":"","meta":{"_acf_changed":false,"_uag_custom_page_level_css":"","site-sidebar-layout":"default","site-content-layout":"","ast-site-content-layout":"default","site-content-style":"default","site-sidebar-style":"default","ast-global-header-display":"","ast-banner-title-visibility":"","ast-main-header-display":"","ast-hfb-above-header-display":"","ast-hfb-below-header-display":"","ast-hfb-mobile-header-display":"","site-post-title":"","ast-breadcrumbs-content":"","ast-featured-img":"","footer-sml-layout":"","ast-disable-related-posts":"","theme-transparent-header-meta":"","adv-header-id-meta":"","stick-header-meta":"","header-above-stick-meta":"","header-main-stick-meta":"","header-below-stick-meta":"","astra-migrate-meta-layouts":"default","ast-page-background-enabled":"default","ast-page-background-meta":{"desktop":{"background-color":"var(--ast-global-color-5)","background-image":"","background-repeat":"repeat","background-position":"center center","background-size":"auto","background-attachment":"scroll","background-type":"","background-media":"","overlay-type":"","overlay-color":"","overlay-opacity":"","overlay-gradient":""},"tablet":{"background-color":"","background-image":"","background-repeat":"repeat","background-position":"center center","background-size":"auto","background-attachment":"scroll","background-type":"","background-media":"","overlay-type":"","overlay-color":"","overlay-opacity":"","overlay-gradient":""},"mobile":{"background-color":"","background-image":"","background-repeat":"repeat","background-position":"center center","background-size":"auto","background-attachment":"scroll","background-type":"","background-media":"","overlay-type":"","overlay-color":"","overlay-opacity":"","overlay-gradient":""}},"ast-content-background-meta":{"desktop":{"background-color":"var(--ast-global-color-4)","background-image":"","background-repeat":"repeat","background-position":"center center","background-size":"auto","background-attachment":"scroll","background-type":"","background-media":"","overlay-type":"","overlay-color":"","overlay-opacity":"","overlay-gradient":""},"tablet":{"background-color":"var(--ast-global-color-4)","background-image":"","background-repeat":"repeat","background-position":"center center","background-size":"auto","background-attachment":"scroll","background-type":"","background-media":"","overlay-type":"","overlay-color":"","overlay-opacity":"","overlay-gradient":""},"mobile":{"background-color":"var(--ast-global-color-4)","background-image":"","background-repeat":"repeat","background-position":"center center","background-size":"auto","background-attachment":"scroll","background-type":"","background-media":"","overlay-type":"","overlay-color":"","overlay-opacity":"","overlay-gradient":""}}},"family":[49,50,51],"product_notice":[92],"product_icon":[],"product_application":[],"product_standards_certification":[],"product_benefits":[287,290,271,171,289,255,254,288],"product_support":[309,293,174,256,257],"product_substrate_preparation":[295,258,194,259,294],"product_important_indications":[],"product_conservation":[177],"product_warning":[299,302,300,303,182,298,181,310,301,296],"product_safety_hygiene":[],"system_certification":[306,305,307],"product_maintenance":[],"product_safety_datasheet":[312,311],"filter_special_uses":[],"class_list":["post-304","product","type-product","status-publish","hentry","family-morteros","family-sate","family-morteros-para-la-envolvente","product_notice-av-001","product_benefits-vb057","product_benefits-vb154","product_benefits-vb205","product_benefits-vb257","product_benefits-vb265","product_benefits-vb272","product_benefits-vb368","product_benefits-vb414","product_support-s005","product_support-s015","product_support-s027","product_support-s034","product_support-s038","product_substrate_preparation-ps010","product_substrate_preparation-ps011","product_substrate_preparation-ps024","product_substrate_preparation-ps028","product_substrate_preparation-ps040","product_conservation-c155","product_warning-p014","product_warning-p019","product_warning-p030","product_warning-p041","product_warning-p056","product_warning-p063","product_warning-p064","product_warning-p067","product_warning-p109","product_warning-p123","system_certification-epd-s-p-05582","system_certification-ete-18-1016","system_certification-ete-23-0892","product_safety_datasheet-fs_argotec_fixtherm_elite_blanco","product_safety_datasheet-fs_argotec_fixtherm_elite_gris"],"acf":[],"uagb_featured_image_src":{"full":false,"thumbnail":false,"medium":false,"medium_large":false,"large":false,"1536x1536":false,"2048x2048":false,"danosa-news-list":false,"danosa-news-medium":false},"uagb_author_info":{"display_name":"admin","author_link":"https:\/\/danosa.com\/audal\/author\/"},"uagb_comment_info":0,"uagb_excerpt":"Mortero de fijaci\u00f3n y revestimiento de placas de EPS y MW para sistema SATE","_links":{"self":[{"href":"https:\/\/danosa.com\/audal\/wp-json\/wp\/v2\/product\/304","targetHints":{"allow":["GET"]}}],"collection":[{"href":"https:\/\/danosa.com\/audal\/wp-json\/wp\/v2\/product"}],"about":[{"href":"https:\/\/danosa.com\/audal\/wp-json\/wp\/v2\/types\/product"}],"wp:attachment":[{"href":"https:\/\/danosa.com\/audal\/wp-json\/wp\/v2\/media?parent=304"}],"wp:term":[{"taxonomy":"family","embeddable":true,"href":"https:\/\/danosa.com\/audal\/wp-json\/wp\/v2\/family?post=304"},{"taxonomy":"product_notice","embeddable":true,"href":"https:\/\/danosa.com\/audal\/wp-json\/wp\/v2\/product_notice?post=304"},{"taxonomy":"product_icon","embeddable":true,"href":"https:\/\/danosa.com\/audal\/wp-json\/wp\/v2\/product_icon?post=304"},{"taxonomy":"product_application","embeddable":true,"href":"https:\/\/danosa.com\/audal\/wp-json\/wp\/v2\/product_application?post=304"},{"taxonomy":"product_standards_certification","embeddable":true,"href":"https:\/\/danosa.com\/audal\/wp-json\/wp\/v2\/product_standards_certification?post=304"},{"taxonomy":"product_benefits","embeddable":true,"href":"https:\/\/danosa.com\/audal\/wp-json\/wp\/v2\/product_benefits?post=304"},{"taxonomy":"product_support","embeddable":true,"href":"https:\/\/danosa.com\/audal\/wp-json\/wp\/v2\/product_support?post=304"},{"taxonomy":"product_substrate_preparation","embeddable":true,"href":"https:\/\/danosa.com\/audal\/wp-json\/wp\/v2\/product_substrate_preparation?post=304"},{"taxonomy":"product_important_indications","embeddable":true,"href":"https:\/\/danosa.com\/audal\/wp-json\/wp\/v2\/product_important_indications?post=304"},{"taxonomy":"product_conservation","embeddable":true,"href":"https:\/\/danosa.com\/audal\/wp-json\/wp\/v2\/product_conservation?post=304"},{"taxonomy":"product_warning","embeddable":true,"href":"https:\/\/danosa.com\/audal\/wp-json\/wp\/v2\/product_warning?post=304"},{"taxonomy":"product_safety_hygiene","embeddable":true,"href":"https:\/\/danosa.com\/audal\/wp-json\/wp\/v2\/product_safety_hygiene?post=304"},{"taxonomy":"system_certification","embeddable":true,"href":"https:\/\/danosa.com\/audal\/wp-json\/wp\/v2\/system_certification?post=304"},{"taxonomy":"product_maintenance","embeddable":true,"href":"https:\/\/danosa.com\/audal\/wp-json\/wp\/v2\/product_maintenance?post=304"},{"taxonomy":"product_safety_datasheet","embeddable":true,"href":"https:\/\/danosa.com\/audal\/wp-json\/wp\/v2\/product_safety_datasheet?post=304"},{"taxonomy":"filter_special_uses","embeddable":true,"href":"https:\/\/danosa.com\/audal\/wp-json\/wp\/v2\/filter_special_uses?post=304"}],"curies":[{"name":"wp","href":"https:\/\/api.w.org\/{rel}","templated":true}]}}